{"id":8204,"date":"2025-04-06T19:03:47","date_gmt":"2025-04-06T17:03:47","guid":{"rendered":"https:\/\/ukazka-sk.partner.climax.cz\/?page_id=8204"},"modified":"2025-04-06T19:06:16","modified_gmt":"2025-04-06T17:06:16","slug":"nezavazna-poptavka","status":"publish","type":"page","link":"https:\/\/ukazka-sk.partner.climax.cz\/cs\/nezavazna-poptavka\/","title":{"rendered":"Nez\u00e1vazn\u00e1 popt\u00e1vka"},"content":{"rendered":"\n<div class=\"wp-block-group page-heading-gray--over__text\"><div class=\"wp-block-group__inner-container is-layout-constrained wp-block-group-is-layout-constrained\">\n<p class=\"has-text-align-center\">Pro rychlej\u0161\u00ed zpracov\u00e1n\u00ed cenov\u00e9 nab\u00eddky do pozn\u00e1mky m\u016f\u017eete uv\u00e9st tyto \u00fadaje:<\/p>\n\n\n\n<ul class=\"wp-block-list\">\n<li><strong>Rozm\u011bry <\/strong>&#8211; \u0161\u00ed\u0159ka, v\u00fd\u0161ka a po\u010det kus\u016f<\/li>\n\n\n\n<li><strong>Barvu <\/strong>&#8211; vyb\u00edrat m\u016f\u017eete z na\u0161ich vzorn\u00edk\u016f<\/li>\n\n\n\n<li><strong>Ovl\u00e1d\u00e1n\u00ed <\/strong>&#8211; manu\u00e1ln\u00ed nebo motorick\u00e9<\/li>\n<\/ul>\n\n\n<\/div><\/div>\n\n<div class=\"container container--lg\">\n\t<section class=\"poptavka\">\n\t\t<div class=\"row\">\n\t\t\t<div class=\"col-md-7\">\n\t\t\t\t<div class=\"poptavka__formular\">\n\t\t\t\t\n<div class=\"wpcf7 no-js\" id=\"wpcf7-f8207-o1\" lang=\"cs-CZ\" dir=\"ltr\" data-wpcf7-id=\"8207\">\n<div class=\"screen-reader-response\"><p role=\"status\" aria-live=\"polite\" aria-atomic=\"true\"><\/p> <ul><\/ul><\/div>\n<form action=\"\/cs\/wp-json\/wp\/v2\/pages\/8204#wpcf7-f8207-o1\" method=\"post\" class=\"wpcf7-form init\" aria-label=\"Kontaktn\u00ed formul\u00e1\u0159\" enctype=\"multipart\/form-data\" novalidate=\"novalidate\" data-status=\"init\">\n<fieldset class=\"hidden-fields-container\"><input type=\"hidden\" name=\"_wpcf7\" value=\"8207\" \/><input type=\"hidden\" name=\"_wpcf7_version\" value=\"6.1.5\" \/><input type=\"hidden\" name=\"_wpcf7_locale\" value=\"cs_CZ\" \/><input type=\"hidden\" name=\"_wpcf7_unit_tag\" value=\"wpcf7-f8207-o1\" \/><input type=\"hidden\" name=\"_wpcf7_container_post\" value=\"0\" \/><input type=\"hidden\" name=\"_wpcf7_posted_data_hash\" value=\"\" \/>\n<\/fieldset>\n<div class=\"poptavka-formular\">\n\t<div class=\"poptavka-formular__select\">\n\t\t<p><label>Typ produkt\u016f<\/label><br \/>\n<span class=\"wpcf7-form-control-wrap\" data-name=\"your-typ_produktu\"><select class=\"wpcf7-form-control wpcf7-select wpcf7-validates-as-required\" id=\"typ_produktu\" aria-required=\"true\" aria-invalid=\"false\" name=\"your-typ_produktu\"><option value=\"\">&#8212;Zvolte pros\u00edm mo\u017enost&#8212;<\/option><\/select><\/span>\n\t\t<input class=\"wpcf7-form-control wpcf7-hidden\" id=\"typ_produktu_nazev\" value=\"\" type=\"hidden\" name=\"your-typ_produktu_nazev\" \/>\n\t\t<\/p>\n\t<\/div>\n\t<div class=\"row row--10\">\n\t\t<div class=\"col-sm-6\">\n\t\t\t<div class=\"poptavka-formular__input\">\n\t\t\t\t<p><span class=\"wpcf7-form-control-wrap\" data-name=\"your-name\"><input size=\"40\" maxlength=\"400\" class=\"wpcf7-form-control wpcf7-text wpcf7-validates-as-required\" autocomplete=\"given-name\" aria-required=\"true\" aria-invalid=\"false\" placeholder=\"Jm\u00e9no *\" value=\"\" type=\"text\" name=\"your-name\" \/><\/span>\n\t\t\t\t<\/p>\n\t\t\t<\/div>\n\t\t<\/div>\n\t\t<div class=\"col-sm-6\">\n\t\t\t<div class=\"poptavka-formular__input\">\n\t\t\t\t<p><span class=\"wpcf7-form-control-wrap\" data-name=\"your-surname\"><input size=\"40\" maxlength=\"400\" class=\"wpcf7-form-control wpcf7-text wpcf7-validates-as-required\" autocomplete=\"family-name\" aria-required=\"true\" aria-invalid=\"false\" placeholder=\"P\u0159\u00edjmen\u00ed *\" value=\"\" type=\"text\" name=\"your-surname\" \/><\/span>\n\t\t\t\t<\/p>\n\t\t\t<\/div>\n\t\t<\/div>\n\t<\/div>\n\t<div class=\"row row--10\">\n\t\t<div class=\"col-sm-6\">\n\t\t\t<div class=\"poptavka-formular__input\">\n\t\t\t\t<p><span class=\"wpcf7-form-control-wrap\" data-name=\"your-email\"><input size=\"40\" maxlength=\"400\" class=\"wpcf7-form-control wpcf7-email wpcf7-validates-as-required wpcf7-text wpcf7-validates-as-email\" autocomplete=\"email\" aria-required=\"true\" aria-invalid=\"false\" placeholder=\"E-mail *\" value=\"\" type=\"email\" name=\"your-email\" \/><\/span>\n\t\t\t\t<\/p>\n\t\t\t<\/div>\n\t\t<\/div>\n\t\t<div class=\"col-sm-6\">\n\t\t\t<div class=\"poptavka-formular__input\">\n\t\t\t\t<p><span class=\"wpcf7-form-control-wrap\" data-name=\"your-phone\"><input size=\"40\" maxlength=\"400\" class=\"wpcf7-form-control wpcf7-text wpcf7-validates-as-required\" autocomplete=\"phone\" aria-required=\"true\" aria-invalid=\"false\" placeholder=\"Telefon *\" value=\"\" type=\"text\" name=\"your-phone\" \/><\/span>\n\t\t\t\t<\/p>\n\t\t\t<\/div>\n\t\t<\/div>\n\t<\/div>\n\t<div class=\"poptavka-formular__select\">\n\t\t<p><label>St\u00e1t<\/label><br \/>\n<span class=\"wpcf7-form-control-wrap\" data-name=\"your-stat\"><select class=\"wpcf7-form-control wpcf7-select wpcf7-validates-as-required\" id=\"vybrany_stat\" aria-required=\"true\" aria-invalid=\"false\" name=\"your-stat\"><option value=\"\u010cesk\u00e1 republika\">\u010cesk\u00e1 republika<\/option><option value=\"Slovensk\u00e1 republika\">Slovensk\u00e1 republika<\/option><option value=\"Rakousko\">Rakousko<\/option><\/select><\/span>\n\t\t<\/p>\n\t<\/div>\n\t<div class=\"row row--10\">\n\t\t<div class=\"col-sm-6\">\n\t\t\t<div class=\"poptavka-formular__input\">\n\t\t\t\t<p><span class=\"wpcf7-form-control-wrap\" data-name=\"your-city\"><input size=\"40\" maxlength=\"400\" class=\"wpcf7-form-control wpcf7-text wpcf7-validates-as-required\" id=\"mesto\" autocomplete=\"city\" aria-required=\"true\" aria-invalid=\"false\" placeholder=\"M\u011bsto *\" value=\"\" type=\"text\" name=\"your-city\" \/><\/span>\n\t\t\t\t<\/p>\n\t\t\t<\/div>\n\t\t<\/div>\n\t\t<div class=\"col-sm-6\">\n\t\t\t<div class=\"poptavka-formular__input\">\n\t\t\t\t<p><span class=\"wpcf7-form-control-wrap\" data-name=\"your-zip\"><input size=\"40\" maxlength=\"400\" class=\"wpcf7-form-control wpcf7-text wpcf7-validates-as-required\" id=\"psc\" autocomplete=\"zip\" aria-required=\"true\" aria-invalid=\"false\" placeholder=\"PS\u010c m\u00edsta realizace *\" value=\"\" type=\"text\" name=\"your-zip\" \/><\/span>\n\t\t\t\t<\/p>\n\t\t\t<\/div>\n\t\t<\/div>\n\t<\/div>\n\t<div class=\"poptavka-formular__select\">\n\t\t<p><label>Pobo\u010dka<\/label><br \/>\n<span class=\"wpcf7-form-control-wrap\" data-name=\"your-prodejce\"><select class=\"wpcf7-form-control wpcf7-select wpcf7-validates-as-required\" id=\"projejce\" aria-required=\"true\" aria-invalid=\"false\" name=\"your-prodejce\"><option value=\"\">&#8212;Zvolte pros\u00edm mo\u017enost&#8212;<\/option><\/select><\/span>\n\t\t<\/p>\n\t<\/div>\n\t<div class=\"poptavka-formular__textarea\">\n\t\t<p><span class=\"wpcf7-form-control-wrap\" data-name=\"your-note\"><textarea cols=\"40\" rows=\"10\" maxlength=\"2000\" class=\"wpcf7-form-control wpcf7-textarea\" aria-invalid=\"false\" placeholder=\"Pozn\u00e1mka\" name=\"your-note\"><\/textarea><\/span><br \/>\n<!-- PRILOHA_UZ_ZDE_JE -->\n\t\t<\/p>\n\t<\/div>\n\t<h2 class=\"h5 poptavka-formular__title\">P\u0159\u00edloha:\n\t<\/h2>\n\t<div class=\"poptavka-formular__file mb-40\">\n\t\t<p><span class=\"wpcf7-form-control-wrap\" data-name=\"yourpriloha\"><input size=\"40\" class=\"wpcf7-form-control wpcf7-file\" accept=\"audio\/*,video\/*,image\/*,.pdf,.doc,.docx,.xls,.xlsx,.ppt,.pptx,.odt\" aria-invalid=\"false\" type=\"file\" name=\"yourpriloha\" \/><\/span>\n\t\t<\/p>\n\t<\/div>\n\t<div class=\"poptavka-formular__checkbox\">\n\t\t<p><span class=\"wpcf7-form-control-wrap\" data-name=\"your-newsletter\"><span class=\"wpcf7-form-control wpcf7-acceptance optional\"><span class=\"wpcf7-list-item\"><label><input type=\"checkbox\" name=\"your-newsletter\" value=\"1\" aria-invalid=\"false\" \/><span class=\"wpcf7-list-item-label\">SOUHLAS\u00cdM se zas\u00edl\u00e1n\u00edm informac\u00ed o novink\u00e1ch v elektronick\u00e9 podob\u011b (z\u00e1kon \u010d. 480\/2004 Sb. \u00a7 7)<\/span><\/label><\/span><\/span><\/span>\n\t\t<\/p>\n\t<\/div>\n\t<div class=\"d-flex flex-wrap flex-md-nowrap justify-content-between align-items-center\">\n\t\t<div class=\"poptavka-formular__sidebutton\">\n\t\t\t<p>Odesl\u00e1n\u00edm zpr\u00e1vy souhlas\u00edte s <a href=\"\/ochrana-osobnich-udaju\/\" target=\"_blank\">podm\u00ednkami ochrany osobn\u00edch \u00fadaj\u016f<\/a>\n\t\t\t<\/p>\n\t\t<\/div>\n\t\t<div>\n\t\t\t<p><input class=\"wpcf7-form-control wpcf7-submit has-spinner button button--primary\" type=\"submit\" value=\"Nez\u00e1vazn\u011b poptat\" \/>\n\t\t\t<\/p>\n\t\t<\/div>\n\t<\/div>\n<\/div><div class=\"wpcf7-response-output\" aria-hidden=\"true\"><\/div>\n<\/form>\n<\/div>\n\t\t\t\t<\/div>\n\t\t\t<\/div>\n\t\t\t<div class=\"col-md-5 bg-dark-blue\">\n\n\t\t\t\t<div class=\"poptavka__vyhody\">\n\t\t\t\t\t<h2>Pre\u010do zvoli\u0165 Hamax?<\/h2>\n\n\t\t\t\t\t<div class=\"poptavka__vyhody__item\">\n\t\t\t\t\t\t\t\t\t\t\t\t\t<img decoding=\"async\" data-src=\"https:\/\/ukazka-sk.partner.climax.cz\/wp-content\/uploads\/sites\/16\/2024\/10\/ChatGPT-Image-23.-4.-2025-14_06_50.png\" width=\"32\"\n\t\t\t\t\t\t\t\t height=\"32\" src=\"data:image\/svg+xml;base64,PHN2ZyB3aWR0aD0iMSIgaGVpZ2h0PSIxIiB4bWxucz0iaHR0cDovL3d3dy53My5vcmcvMjAwMC9zdmciPjwvc3ZnPg==\" class=\"lazyload\" style=\"--smush-placeholder-width: 32px; --smush-placeholder-aspect-ratio: 32\/32;\" \/>\n\n\t\t\t\t\t\t\t\t\t\t\t\t<div>\n\t\t\t\t\t\t\t<strong>M\u00e1me sk\u00fasenosti\r\n<\/strong>Dlh\u00e9 roky montujeme tieniacu techniku\t\t\t\t\t\t<\/div>\n\t\t\t\t\t<\/div>\n\n\t\t\t\t\t<div class=\"poptavka__vyhody__item\">\n\t\t\t\t\t\t\t\t\t\t\t\t\t<img decoding=\"async\" data-src=\"https:\/\/ukazka-sk.partner.climax.cz\/wp-content\/themes\/climax\/template\/src\/images\/design\/icons\/usps\/Warranty.svg\" width=\"32\"\n\t\t\t\t\t\t\t\t height=\"32\" src=\"data:image\/svg+xml;base64,PHN2ZyB3aWR0aD0iMSIgaGVpZ2h0PSIxIiB4bWxucz0iaHR0cDovL3d3dy53My5vcmcvMjAwMC9zdmciPjwvc3ZnPg==\" class=\"lazyload\" style=\"--smush-placeholder-width: 32px; --smush-placeholder-aspect-ratio: 32\/32;\" \/>\n\n\t\t\t\t\t\t\t\t\t\t\t\t<div>\n\t\t\t\t\t\t\t<strong>Prvotriedna kvalita\r\n<\/strong>Za to ru\u010d\u00edme z\u00e1rukou 4 roky\t\t\t\t\t\t<\/div>\n\t\t\t\t\t<\/div>\n\n\t\t\t\t\t<div class=\"poptavka__vyhody__item\">\n\t\t\t\t\t\t\t\t\t\t\t\t\t<img decoding=\"async\" data-src=\"https:\/\/ukazka-sk.partner.climax.cz\/wp-content\/themes\/climax\/template\/src\/images\/design\/icons\/usps\/Address.svg\" width=\"32\"\n\t\t\t\t\t\t\t\t height=\"32\" src=\"data:image\/svg+xml;base64,PHN2ZyB3aWR0aD0iMSIgaGVpZ2h0PSIxIiB4bWxucz0iaHR0cDovL3d3dy53My5vcmcvMjAwMC9zdmciPjwvc3ZnPg==\" class=\"lazyload\" style=\"--smush-placeholder-width: 32px; --smush-placeholder-aspect-ratio: 32\/32;\" \/>\n\n\t\t\t\t\t\t\t\t\t\t\t\t<div>\n\t\t\t\t\t\t\t<strong>Z\u00e1jdeme, kam je potrebn\u00e9<\/strong>\r\nP\u00f4sob\u00edme v \u0161irokej oblasti\t\t\t\t\t\t<\/div>\n\t\t\t\t\t<\/div>\n\n\t\t\t\t\t<div class=\"poptavka__vyhody__item\">\n\t\t\t\t\t\t\t\t\t\t\t\t\t<img decoding=\"async\" data-src=\"https:\/\/ukazka-sk.partner.climax.cz\/wp-content\/themes\/climax\/template\/src\/images\/design\/icons\/usps\/HandshakeHeart.svg\" width=\"32\"\n\t\t\t\t\t\t\t\t height=\"32\" src=\"data:image\/svg+xml;base64,PHN2ZyB3aWR0aD0iMSIgaGVpZ2h0PSIxIiB4bWxucz0iaHR0cDovL3d3dy53My5vcmcvMjAwMC9zdmciPjwvc3ZnPg==\" class=\"lazyload\" style=\"--smush-placeholder-width: 32px; --smush-placeholder-aspect-ratio: 32\/32;\" \/>\n\n\t\t\t\t\t\t\n\t\t\t\t\t\t<div>\n\t\t\t\t\t\t\t<strong>\u010co s\u013e\u00fabime, to spln\u00edme<\/strong>\r\nBez oh\u013eadu na ve\u013ekos\u0165 z\u00e1kazky\t\t\t\t\t\t<\/div>\n\t\t\t\t\t<\/div>\n\t\t\t\t<\/div>\n\n\t\t\t<\/div>\n\t\t<\/div>\n\t<\/section>\n<\/div>\n\n","protected":false},"excerpt":{"rendered":"<p>Pro rychlej\u0161\u00ed zpracov\u00e1n\u00ed cenov\u00e9 nab\u00eddky do pozn\u00e1mky m\u016f\u017eete uv\u00e9st tyto \u00fadaje:<\/p>\n","protected":false},"author":1,"featured_media":0,"parent":0,"menu_order":0,"comment_status":"closed","ping_status":"closed","template":"content-poptavka.php","meta":{"_acf_changed":false,"inline_featured_image":false,"footnotes":""},"class_list":["post-8204","page","type-page","status-publish","hentry"],"acf":[],"yoast_head":"<!-- This site is optimized with the Yoast SEO Premium plugin v25.8 (Yoast SEO v27.2) - https:\/\/yoast.com\/product\/yoast-seo-premium-wordpress\/ -->\n<title>Nez\u00e1vazn\u00e1 popt\u00e1vka - SK Partnersk\u00fd web - uk\u00e1zka<\/title>\n<meta name=\"robots\" content=\"noindex, follow, max-snippet:-1, max-image-preview:large, max-video-preview:-1\" \/>\n<meta property=\"og:locale\" content=\"cs_CZ\" \/>\n<meta property=\"og:type\" content=\"article\" \/>\n<meta property=\"og:title\" content=\"Nez\u00e1vazn\u00e1 popt\u00e1vka\" \/>\n<meta property=\"og:description\" content=\"Pro rychlej\u0161\u00ed zpracov\u00e1n\u00ed cenov\u00e9 nab\u00eddky do pozn\u00e1mky m\u016f\u017eete uv\u00e9st tyto \u00fadaje:\" \/>\n<meta property=\"og:url\" content=\"https:\/\/ukazka-sk.partner.climax.cz\/cs\/nezavazna-poptavka\/\" \/>\n<meta property=\"og:site_name\" content=\"SK Partnersk\u00fd web - uk\u00e1zka\" \/>\n<meta property=\"article:modified_time\" content=\"2025-04-06T17:06:16+00:00\" \/>\n<meta name=\"twitter:card\" content=\"summary_large_image\" \/>\n<meta name=\"twitter:label1\" content=\"Odhadovan\u00e1 doba \u010dten\u00ed\" \/>\n\t<meta name=\"twitter:data1\" content=\"1 minuta\" \/>\n<script type=\"application\/ld+json\" class=\"yoast-schema-graph\">{\"@context\":\"https:\/\/schema.org\",\"@graph\":[{\"@type\":\"WebPage\",\"@id\":\"https:\/\/ukazka-sk.partner.climax.cz\/cs\/nezavazna-poptavka\/\",\"url\":\"https:\/\/ukazka-sk.partner.climax.cz\/cs\/nezavazna-poptavka\/\",\"name\":\"Nez\u00e1vazn\u00e1 popt\u00e1vka - SK Partnersk\u00fd web - uk\u00e1zka\",\"isPartOf\":{\"@id\":\"https:\/\/ukazka-sk.partner.climax.cz\/cs\/#website\"},\"datePublished\":\"2025-04-06T17:03:47+00:00\",\"dateModified\":\"2025-04-06T17:06:16+00:00\",\"breadcrumb\":{\"@id\":\"https:\/\/ukazka-sk.partner.climax.cz\/cs\/nezavazna-poptavka\/#breadcrumb\"},\"inLanguage\":\"cs\",\"potentialAction\":[{\"@type\":\"ReadAction\",\"target\":[\"https:\/\/ukazka-sk.partner.climax.cz\/cs\/nezavazna-poptavka\/\"]}]},{\"@type\":\"BreadcrumbList\",\"@id\":\"https:\/\/ukazka-sk.partner.climax.cz\/cs\/nezavazna-poptavka\/#breadcrumb\",\"itemListElement\":[{\"@type\":\"ListItem\",\"position\":1,\"name\":\"Dom\u016f\",\"item\":\"https:\/\/ukazka-sk.partner.climax.cz\/cs\/\"},{\"@type\":\"ListItem\",\"position\":2,\"name\":\"Nez\u00e1vazn\u00e1 popt\u00e1vka\"}]},{\"@type\":\"WebSite\",\"@id\":\"https:\/\/ukazka-sk.partner.climax.cz\/cs\/#website\",\"url\":\"https:\/\/ukazka-sk.partner.climax.cz\/cs\/\",\"name\":\"SK Partnersk\u00fd web - uk\u00e1zka\",\"description\":\"\",\"potentialAction\":[{\"@type\":\"SearchAction\",\"target\":{\"@type\":\"EntryPoint\",\"urlTemplate\":\"https:\/\/ukazka-sk.partner.climax.cz\/cs\/?s={search_term_string}\"},\"query-input\":{\"@type\":\"PropertyValueSpecification\",\"valueRequired\":true,\"valueName\":\"search_term_string\"}}],\"inLanguage\":\"cs\"}]}<\/script>\n<!-- \/ Yoast SEO Premium plugin. -->","yoast_head_json":{"title":"Nez\u00e1vazn\u00e1 popt\u00e1vka - SK Partnersk\u00fd web - uk\u00e1zka","robots":{"index":"noindex","follow":"follow","max-snippet":"max-snippet:-1","max-image-preview":"max-image-preview:large","max-video-preview":"max-video-preview:-1"},"og_locale":"cs_CZ","og_type":"article","og_title":"Nez\u00e1vazn\u00e1 popt\u00e1vka","og_description":"Pro rychlej\u0161\u00ed zpracov\u00e1n\u00ed cenov\u00e9 nab\u00eddky do pozn\u00e1mky m\u016f\u017eete uv\u00e9st tyto \u00fadaje:","og_url":"https:\/\/ukazka-sk.partner.climax.cz\/cs\/nezavazna-poptavka\/","og_site_name":"SK Partnersk\u00fd web - uk\u00e1zka","article_modified_time":"2025-04-06T17:06:16+00:00","twitter_card":"summary_large_image","twitter_misc":{"Odhadovan\u00e1 doba \u010dten\u00ed":"1 minuta"},"schema":{"@context":"https:\/\/schema.org","@graph":[{"@type":"WebPage","@id":"https:\/\/ukazka-sk.partner.climax.cz\/cs\/nezavazna-poptavka\/","url":"https:\/\/ukazka-sk.partner.climax.cz\/cs\/nezavazna-poptavka\/","name":"Nez\u00e1vazn\u00e1 popt\u00e1vka - SK Partnersk\u00fd web - uk\u00e1zka","isPartOf":{"@id":"https:\/\/ukazka-sk.partner.climax.cz\/cs\/#website"},"datePublished":"2025-04-06T17:03:47+00:00","dateModified":"2025-04-06T17:06:16+00:00","breadcrumb":{"@id":"https:\/\/ukazka-sk.partner.climax.cz\/cs\/nezavazna-poptavka\/#breadcrumb"},"inLanguage":"cs","potentialAction":[{"@type":"ReadAction","target":["https:\/\/ukazka-sk.partner.climax.cz\/cs\/nezavazna-poptavka\/"]}]},{"@type":"BreadcrumbList","@id":"https:\/\/ukazka-sk.partner.climax.cz\/cs\/nezavazna-poptavka\/#breadcrumb","itemListElement":[{"@type":"ListItem","position":1,"name":"Dom\u016f","item":"https:\/\/ukazka-sk.partner.climax.cz\/cs\/"},{"@type":"ListItem","position":2,"name":"Nez\u00e1vazn\u00e1 popt\u00e1vka"}]},{"@type":"WebSite","@id":"https:\/\/ukazka-sk.partner.climax.cz\/cs\/#website","url":"https:\/\/ukazka-sk.partner.climax.cz\/cs\/","name":"SK Partnersk\u00fd web - uk\u00e1zka","description":"","potentialAction":[{"@type":"SearchAction","target":{"@type":"EntryPoint","urlTemplate":"https:\/\/ukazka-sk.partner.climax.cz\/cs\/?s={search_term_string}"},"query-input":{"@type":"PropertyValueSpecification","valueRequired":true,"valueName":"search_term_string"}}],"inLanguage":"cs"}]}},"_links":{"self":[{"href":"https:\/\/ukazka-sk.partner.climax.cz\/cs\/wp-json\/wp\/v2\/pages\/8204","targetHints":{"allow":["GET"]}}],"collection":[{"href":"https:\/\/ukazka-sk.partner.climax.cz\/cs\/wp-json\/wp\/v2\/pages"}],"about":[{"href":"https:\/\/ukazka-sk.partner.climax.cz\/cs\/wp-json\/wp\/v2\/types\/page"}],"author":[{"embeddable":true,"href":"https:\/\/ukazka-sk.partner.climax.cz\/cs\/wp-json\/wp\/v2\/users\/1"}],"replies":[{"embeddable":true,"href":"https:\/\/ukazka-sk.partner.climax.cz\/cs\/wp-json\/wp\/v2\/comments?post=8204"}],"version-history":[{"count":2,"href":"https:\/\/ukazka-sk.partner.climax.cz\/cs\/wp-json\/wp\/v2\/pages\/8204\/revisions"}],"predecessor-version":[{"id":8206,"href":"https:\/\/ukazka-sk.partner.climax.cz\/cs\/wp-json\/wp\/v2\/pages\/8204\/revisions\/8206"}],"wp:attachment":[{"href":"https:\/\/ukazka-sk.partner.climax.cz\/cs\/wp-json\/wp\/v2\/media?parent=8204"}],"curies":[{"name":"wp","href":"https:\/\/api.w.org\/{rel}","templated":true}]}}