{"id":8167,"date":"2025-03-17T14:48:19","date_gmt":"2025-03-17T13:48:19","guid":{"rendered":"https:\/\/ukazka-sk.partner.climax.cz\/?page_id=8167"},"modified":"2025-03-17T14:54:38","modified_gmt":"2025-03-17T13:54:38","slug":"reklamacni-rad","status":"publish","type":"page","link":"https:\/\/ukazka-sk.partner.climax.cz\/cs\/reklamacni-rad\/","title":{"rendered":"Reklama\u010dn\u00ed \u0159\u00e1d"},"content":{"rendered":"\n<p>Reklama\u010dn\u00ed \u0159\u00e1d v PDF &#8211;\u00a0<a href=\"https:\/\/www.climax.cz\/partner-ukazka\/wp-content\/uploads\/sites\/16\/2025\/03\/mp_45-reklamacni-rad-7.-vydani-2.pdf\">ke sta\u017een\u00ed ZDE<\/a><\/p>\n\n\n\n<hr class=\"wp-block-separator has-alpha-channel-opacity\" \/>\n\n\n\n<p><strong><em>\u010cl. 1<\/em><\/strong><\/p>\n\n\n\n<p><em>Pr\u00e1vo kupuj\u00edc\u00edho (objednatele) na reklamaci vadn\u00e9ho zbo\u017e\u00ed<\/em><\/p>\n\n\n\n<ol class=\"wp-block-list\">\n<li>P\u0159i dod\u00e1vk\u00e1ch zbo\u017e\u00ed kupuj\u00edc\u00edm (objednatel\u016fm) odpov\u00edd\u00e1 SERVIS CLIMAX a.s., I\u010c: 253 52 628, se s\u00eddlem Jasenice 1253, PS\u010c: 755 01 (d\u00e1le i jen jako \u201eprod\u00e1vaj\u00edc\u00ed&#8220;), za to, \u017ee zbo\u017e\u00ed \u010di d\u00edlo m\u00e1 dohodnutou jakost, mno\u017estv\u00ed a proveden\u00ed dle smlouvy a je zabaleno zp\u016fsobem stanoven\u00fdm ve smlouv\u011b \u010di ve v\u0161eobecn\u00fdch dodac\u00edch podm\u00ednk\u00e1ch.<\/li>\n\n\n\n<li>Vyskytne-li se u zbo\u017e\u00ed vada, tj stav, kdy zbo\u017e\u00ed nen\u00ed dod\u00e1no v souladu s kupn\u00ed smlouvou, smlouvou o d\u00edlo \u010di v\u0161eobecn\u00fdmi dodac\u00edmi podm\u00ednkami, m\u00e1 kupuj\u00edc\u00ed (objednatel) pr\u00e1vo tuto vadu reklamovat.<\/li>\n\n\n\n<li>O opr\u00e1vn\u011bnosti reklamace rozhoduje prod\u00e1vaj\u00edc\u00ed bez zbyte\u010dn\u00e9ho odkladu, zpravidla do t\u0159iceti (30) dn\u016f. Prod\u00e1vaj\u00edc\u00ed m\u016f\u017ee zejm\u00e9na v p\u0159\u00edpadech, kdy vy\u0159\u00edzen\u00ed reklamace vy\u017eaduje odborn\u00e9 posouzen\u00ed (nap\u0159. dodavatele materi\u00e1lu), stanovit lh\u016ftu del\u0161\u00ed.<\/li>\n\n\n\n<li>V p\u0159\u00edpad\u011b reklamac\u00ed motor\u016f, p\u0159\u00edpadn\u011b jin\u00fdch elektrick\u00fdch sou\u010d\u00e1stek, je prod\u00e1vaj\u00edc\u00ed opr\u00e1vn\u011bn po\u017eadovat posouzen\u00ed technick\u00fdch podm\u00ednek zapojen\u00ed a m\u00edsta instalace v\u00fdrobku. K posouzen\u00ed m\u00edsta instalace m\u016f\u017ee prod\u00e1vaj\u00edc\u00ed vyslat sv\u00e9ho technika nebo technika dodavatele p\u0159\u00edslu\u0161n\u00fdch komponent\u016f. Nebude-li prod\u00e1vaj\u00edc\u00edmu nebo jeho dodavateli posouzen\u00ed instalace na m\u00edst\u011b umo\u017en\u011bno, nen\u00ed z\u00e1ruka poskytov\u00e1na a kupuj\u00edc\u00edmu (objednateli) nevznikaj\u00ed jak\u00e9koli n\u00e1roky z titulu p\u0159\u00edpadn\u00fdch vad zbo\u017e\u00ed.<\/li>\n\n\n\n<li>V p\u0159\u00edpad\u011b, kdy kupuj\u00edc\u00ed (objednatel) p\u0159ed\u00e1 prod\u00e1vaj\u00edc\u00edmu zbo\u017e\u00ed k proveden\u00ed opravy\/z\u00e1ru\u010dn\u00ed opravy a toto zbo\u017e\u00ed nebude zabaleno\/dostate\u010dn\u011b zabaleno (nap\u0159\u00edklad v p\u016fvodn\u00edm obalu), bere kupuj\u00edc\u00ed (objednatel) na v\u011bdom\u00ed, \u017ee prod\u00e1vaj\u00edc\u00ed v takov\u00e9m p\u0159\u00edpad\u011b nenese \u017e\u00e1dnou odpov\u011bdnost za vady a jin\u00e1 po\u0161kozen\u00ed vznikl\u00e1 v d\u016fsledku p\u0159epravy a n\u00e1sledn\u00e9 manipulace s t\u00edmto zbo\u017e\u00edm (po\u0161kozen\u00ed, deformace, po\u0161kr\u00e1b\u00e1n\u00ed, protr\u017een\u00ed apod.). Odstran\u011bn\u00ed takto vznikl\u00fdch vad tak bude kupuj\u00edc\u00edmu (objednateli) vy\u00fa\u010dtov\u00e1no. Toto ustanoven\u00ed se analogicky vztahuje t\u00e9\u017e na p\u0159\u00edpady proveden\u00ed oprav zbo\u017e\u00ed jako samostatn\u00fdch z\u00e1vazkov\u00fdch vztah\u016f, tedy i na situace, kdy opravovan\u00e9 zbo\u017e\u00ed nen\u00ed v\u00fdrobkem spole\u010dnosti prod\u00e1vaj\u00edc\u00edho a z\u00e1kazn\u00edk u n\u011bj opravu zbo\u017e\u00ed (d\u00edlo) samostatn\u011b objednal.<\/li>\n\n\n\n<li>Prod\u00e1vaj\u00edc\u00ed nep\u0159ej\u00edm\u00e1 \u017e\u00e1dn\u00e9 n\u00e1roky na p\u0159\u00edpadn\u00e9 \u00fahrady n\u00e1klad\u016f \u010di \u0161kod souvisej\u00edc\u00edch s reklamac\u00ed \u010di s p\u0159\u00edpadnou v\u00fdm\u011bnou vadn\u00e9ho v\u00fdrobku, nezav\u00e1zal-li se k tomuto v\u00fdslovn\u011b ve smlouv\u011b. Kupuj\u00edc\u00ed (objednatel) se vzd\u00e1v\u00e1 v\u0161ech sv\u00fdch p\u0159\u00edpadn\u00fdch n\u00e1rok\u016f z titulu vad v\u00fdrobk\u016f, vyjma n\u00e1rok\u016f v\u00fdslovn\u011b upraven\u00fdch t\u00edmto reklama\u010dn\u00edm \u0159\u00e1dem \u010di n\u00e1rok\u016f dohodnut\u00fdch ve smlouv\u011b.<\/li>\n<\/ol>\n\n\n\n<p><strong><em>\u010cl. 2<\/em><\/strong><\/p>\n\n\n\n<p><em>Uplat\u0148ov\u00e1n\u00ed reklamace<\/em><\/p>\n\n\n\n<ol class=\"wp-block-list\">\n<li>Reklamaci uplat\u0148uje kupuj\u00edc\u00ed (objednatel) v s\u00eddle prod\u00e1vaj\u00edc\u00edho. Reklamaci lze uplatnit&nbsp; na reklama\u010dn\u00edm odd\u011blen\u00ed prod\u00e1vaj\u00edc\u00edho nep\u0159etr\u017eit\u011b prost\u0159ednictv\u00edm eshopu <a href=\"http:\/\/(www.eshop.climax.cz\/\">(www.eshop.climax.cz<\/a>) nebo e\u2011mailu&nbsp;(<a href=\"mailto:reklamace@climax.cz\">reklamace@climax.cz<\/a>), \u010di osobn\u011b nebo telefonicky po celou provozn\u00ed dobu prod\u00e1vaj\u00edc\u00edho (viz sekce kontakty na&nbsp;<a href=\"http:\/\/www.eshop.climax.cz\/\">www.eshop.climax.cz<\/a>).<\/li>\n\n\n\n<li>Kupuj\u00edc\u00ed (objednatel) je povinen prok\u00e1zat, \u017ee jeho n\u00e1rok na vy\u0159\u00edzen\u00ed reklamace je opr\u00e1vn\u011bn\u00fd. Krom\u011b vytknut\u00ed vad je kupuj\u00edc\u00ed (objednatel) povinen dolo\u017eit i \u00fadaje o po\u0159\u00edzen\u00ed zbo\u017e\u00ed (co\u017e prok\u00e1\u017ee p\u0159\u00edslu\u0161n\u00fdm dokladem).<\/li>\n\n\n\n<li>V reklamaci je kupuj\u00edc\u00ed (objednatel) povinen uv\u00e9st druh reklamovan\u00e9ho zbo\u017e\u00ed, jeho mno\u017estv\u00ed, popis reklamovan\u00e9 z\u00e1vady, a jak se tato projevuje. P\u0159i neuveden\u00ed po\u017eadovan\u00fdch \u00fadaj\u016f se o dobu, ne\u017e budou dopln\u011bny, prodlu\u017euje doba pro vy\u0159\u00edzen\u00ed reklamace.<\/li>\n\n\n\n<li>Reklamaci mus\u00ed kupuj\u00edc\u00ed (objednatel) uplatnit bez zbyte\u010dn\u00e9ho odkladu ve lh\u016ft\u00e1ch dle \u00a7 2112 a \u00a7 2618 \u010desk\u00e9ho ob\u010dansk\u00e9ho z\u00e1kon\u00edku, jinak kupuj\u00edc\u00edmu (objednali) p\u0159\u00edpadn\u00e1 pr\u00e1va z vad v\u00fdrobku zanikaj\u00ed (ustanoven\u00ed odst. 5. a 6. upravuj\u00edc\u00edch lh\u016ftu pro uplatn\u011bn\u00ed reklamace v t\u011bchto odstavc\u00edch specifikovan\u00fdch p\u0159\u00edpadech t\u00edmto z\u016fst\u00e1vaj\u00ed nedot\u010dena).<\/li>\n\n\n\n<li>Zjevn\u00e9 vady zp\u016fsoben\u00e9 (nap\u0159. po\u0161kozen\u00ed zbo\u017e\u00ed) p\u0159epravn\u00ed slu\u017ebou, je nutn\u00e9 uplatnit p\u0159\u00edmo p\u0159i p\u0159ed\u00e1n\u00ed zbo\u017e\u00ed u dopravce (v p\u0159\u00edpad\u011b p\u0159epravy prov\u00e1d\u011bn\u00e9 odli\u0161n\u00fdm subjektem, ne\u017e prod\u00e1vaj\u00edc\u00edm) nebo do 14 dn\u016f od p\u0159evzet\u00ed. Pro uplatn\u011bn\u00ed reklamace zp\u016fsoben\u00e9 p\u0159epravn\u00ed spole\u010dnost\u00ed je nutn\u00e9 ponechat zbo\u017e\u00ed v m\u00edst\u011b p\u0159epravy v\u010detn\u011b p\u016fvodn\u00edho obalu, po\u0159\u00eddit odpov\u00eddaj\u00edc\u00ed dokumentaci po\u0161kozen\u00ed (fotografie, video apod.), nebo zajistit seps\u00e1n\u00ed z\u00e1pisu o \u0161kod\u011b s p\u0159epravn\u00ed spole\u010dnost\u00ed.<\/li>\n\n\n\n<li>V p\u0159\u00edpad\u011b, \u017ee je zbo\u017e\u00ed po\u0161kozeno nebo p\u0159ed\u00e1na nekompletn\u00ed dod\u00e1vka prod\u00e1vaj\u00edc\u00edm, pak mus\u00ed b\u00fdt reklamace uplatn\u011bna kupuj\u00edc\u00edm nejpozd\u011bji do 14 dn\u016f od p\u0159evzet\u00ed.<\/li>\n\n\n\n<li>Uplynou-li lh\u016fty dle odst. 5. a 6., zanik\u00e1 odpov\u011bdnost prod\u00e1vaj\u00edc\u00edho za vady.<\/li>\n<\/ol>\n\n\n\n<p><strong><em>\u010cl. 3<\/em><\/strong><\/p>\n\n\n\n<p><em>Uzn\u00e1n\u00ed reklamace, z\u00e1ru\u010dn\u00ed doba<\/em><\/p>\n\n\n\n<ol class=\"wp-block-list\">\n<li>Podm\u00ednkou uzn\u00e1n\u00ed reklamace je zejm\u00e9na:<br>a) vyt\u010den\u00ed vady, za n\u00ed\u017e prod\u00e1vaj\u00edc\u00ed odpov\u00edd\u00e1, v z\u00e1ru\u010dn\u00ed dob\u011b a bez zbyte\u010dn\u00e9ho odkladu;<br>b) dodr\u017een\u00ed podm\u00ednek stanoven\u00fdch v cen\u00edku v\u00fdrobku, n\u00e1vodu na obsluhu a \u00fadr\u017ebu a\/nebo obecn\u011b zn\u00e1m\u00fdch pravidel pro u\u017e\u00edv\u00e1n\u00ed v\u011bc\u00ed;<br>c) vada nevznikla neodbornou manipulac\u00ed ze strany kupuj\u00edc\u00edho (objednatele)\/u\u017eivatele nebo v d\u016fsledku b\u011b\u017en\u00e9ho opot\u0159eben\u00ed;<br>d) uhrazen\u00ed kupn\u00ed ceny \u010di ceny d\u00edla.<\/li>\n\n\n\n<li>Z\u00e1ru\u010dn\u00ed doba je:<br>a) 48 m\u011bs\u00edc\u016f ode dne p\u0159evzet\u00ed zbo\u017e\u00ed, pokud nen\u00ed ve smlouv\u011b, z\u00e1ru\u010dn\u00edch podm\u00ednk\u00e1ch konkr\u00e9tn\u00edho v\u00fdrobku uvedena jin\u00e1 z\u00e1ru\u010dn\u00ed doba;<br>b) 12 m\u011bs\u00edc\u016f na opravu nebo \u00fapravu zbo\u017e\u00ed ode dne opravy nebo \u00fapravy zbo\u017e\u00ed.<\/li>\n\n\n\n<li>Z\u00e1ru\u010dn\u00ed doba za\u010d\u00edn\u00e1 b\u011b\u017eet od p\u0159evzet\u00ed zbo\u017e\u00ed kupuj\u00edc\u00edm (objednatelem), tj. smluvn\u00edm partnerem, nikoliv kone\u010dn\u00fdm z\u00e1kazn\u00edkem. V p\u0159\u00edpad\u011b, \u017ee k p\u0159ed\u00e1n\u00ed a p\u0159evzet\u00ed zbo\u017e\u00ed nedo\u0161lo v d\u016fsledku nedostatku spolup\u016fsoben\u00ed kupuj\u00edc\u00edho (objednatele), b\u011b\u017e\u00ed z\u00e1ru\u010dn\u00ed doba dnem, kdy m\u011blo b\u00fdt zbo\u017e\u00ed \u010di d\u00edlo p\u0159ed\u00e1no.<\/li>\n\n\n\n<li>Z\u00e1ru\u010dn\u00ed dobu nelze zam\u011b\u0148ovat s dobou obvykl\u00e9 \u017eivotnosti zbo\u017e\u00ed, tj. s dobou, po kterou p\u0159i spr\u00e1vn\u00e9m u\u017e\u00edv\u00e1n\u00ed a o\u0161et\u0159ov\u00e1n\u00ed m\u016f\u017ee zbo\u017e\u00ed vzhledem ke sv\u00fdm vlastnostem, dan\u00e9mu \u00fa\u010delu a rozd\u00edlnosti v intenzit\u011b u\u017e\u00edv\u00e1n\u00ed vydr\u017eet.<\/li>\n\n\n\n<li>Vy\u0159\u00edd\u00ed-li se reklamace kupuj\u00edc\u00edho (objednatele) v\u00fdm\u011bnou vadn\u00e9ho zbo\u017e\u00ed za bezvadn\u00e9, neb\u011b\u017e\u00ed na nov\u00e9 zbo\u017e\u00ed nov\u00e1 z\u00e1ru\u010dn\u00ed doba. Je-li kupuj\u00edc\u00edmu (objednateli) reklamace vy\u0159\u00edzena v\u00fdm\u011bnou zbo\u017e\u00ed za nov\u00e9, nezapo\u010d\u00edt\u00e1v\u00e1 se do b\u011bhu z\u00e1ru\u010dn\u00ed doby \u010das, kter\u00fd uplyne od&nbsp;uplatn\u011bn\u00ed reklamace do okam\u017eiku, kdy je kupuj\u00edc\u00ed (objednatel) povinen si zbo\u017e\u00ed p\u0159evz\u00edt. Je-li kupuj\u00edc\u00edmu (objednateli) reklamace vy\u0159\u00edzena opravou, nezapo\u010d\u00edt\u00e1v\u00e1 se do b\u011bhu z\u00e1ru\u010dn\u00ed doby \u010das, kter\u00fd uplyne od uplatn\u011bn\u00ed reklamace do okam\u017eiku, kdy je kupuj\u00edc\u00ed (objednatel) povinen p\u0159evz\u00edt si opraven\u00fd v\u00fdrobek.<\/li>\n<\/ol>\n\n\n\n<p><strong><em>\u010cl. 4<\/em><\/strong><\/p>\n\n\n\n<p><em>Odstraniteln\u00e9 vady<\/em><\/p>\n\n\n\n<ol class=\"wp-block-list\">\n<li>Za odstraniteln\u00e9 vady se pova\u017euj\u00ed zejm\u00e9na takov\u00e9 vady, kdy jejich odstran\u011bn\u00edm neutrp\u00ed vzhled, funkce \u010di kvalita v\u00fdrobk\u016f. Posouzen\u00ed charakteru vady p\u0159\u00edslu\u0161\u00ed prod\u00e1vaj\u00edc\u00edmu.<\/li>\n\n\n\n<li>Jde-li o vadu odstranitelnou, m\u016f\u017ee kupuj\u00edc\u00ed (objednatel) po\u017eadovat bezplatn\u00e9 a \u0159\u00e1dn\u00e9 odstran\u011bn\u00ed vady, p\u0159i\u010dem\u017e prod\u00e1vaj\u00edc\u00ed rozhodne o tom, zda to bude provedeno opravou, v\u00fdm\u011bnou nebo slevou z ceny, tj. volba zp\u016fsobu vy\u0159\u00edzen\u00ed reklamace p\u0159\u00edslu\u0161\u00ed prod\u00e1vaj\u00edc\u00edmu.<\/li>\n\n\n\n<li>V p\u0159\u00edpad\u011b vy\u0159\u00edzen\u00ed reklamace v\u00fdm\u011bnou zbo\u017e\u00ed za bezvadn\u00e9 je povinen kupuj\u00edc\u00ed (objednatel) vr\u00e1tit vadn\u00e9 zbo\u017e\u00ed prod\u00e1vaj\u00edc\u00edmu. Nedojde-li k vr\u00e1cen\u00ed zbo\u017e\u00ed do 2 m\u011bs\u00edc\u016f od v\u00fdm\u011bny, bude kupuj\u00edc\u00edmu (objednateli) toto zbo\u017e\u00ed vy\u00fa\u010dtov\u00e1no v cen\u011b platn\u00e9 v dob\u011b zakoupen\u00ed zbo\u017e\u00ed a kupuj\u00edc\u00ed se zavazuje tuto cenu uhradit.<\/li>\n<\/ol>\n\n\n\n<p><strong><em>\u010cl. 5<\/em><\/strong><\/p>\n\n\n\n<p><em>Neodstraniteln\u00e9 vady<\/em><\/p>\n\n\n\n<ol class=\"wp-block-list\">\n<li>Za neodstraniteln\u00e9 vady se pova\u017euj\u00ed zejm\u00e9na takov\u00e9 vady, kter\u00e9 nelze ve stanoven\u00e9 lh\u016ft\u011b beze zbytku odstranit. Za neodstranitelnou vadu se pova\u017euje i takov\u00e1 stejn\u00e1 vada, kter\u00e1 se na v\u00fdrobku vyskytne opakovan\u011b, tj. nejm\u00e9n\u011b dvakr\u00e1t stejn\u00e1, \u010di t\u0159ikr\u00e1t r\u016fzn\u00e1 vada. Posouzen\u00ed charakteru vady p\u0159\u00edslu\u0161\u00ed prod\u00e1vaj\u00edc\u00edmu.<\/li>\n\n\n\n<li>Jde-li o vadu neodstranitelnou, je\u017e br\u00e1n\u00ed \u0159\u00e1dn\u00e9mu pou\u017eit\u00ed v\u00fdrobku, m\u016f\u017ee b\u00fdt reklamace (n\u00e1rok kupuj\u00edc\u00edho) vy\u0159e\u0161en slevou z kupn\u00ed ceny, v\u00fdm\u011bnou zbo\u017e\u00ed za bezvadn\u00e9, nebo zru\u0161en\u00edm kupn\u00ed smlouvy a vr\u00e1cen\u00edm kupn\u00ed ceny, p\u0159i\u010dem\u017e prod\u00e1vaj\u00edc\u00ed rozhodne o tom, jak\u00fdm zp\u016fsobem bude reklamace vy\u0159\u00edzena, tj. volba zp\u016fsobu vy\u0159\u00edzen\u00ed reklamace p\u0159\u00edslu\u0161\u00ed prod\u00e1vaj\u00edc\u00edmu.<\/li>\n\n\n\n<li>V p\u0159\u00edpad\u011b vy\u0159\u00edzen\u00ed reklamace v\u00fdm\u011bnou zbo\u017e\u00ed za bezvadn\u00e9 je povinen kupuj\u00edc\u00ed (objednatel) vr\u00e1tit vadn\u00e9 zbo\u017e\u00ed prod\u00e1vaj\u00edc\u00edmu. Nedojde-li k vr\u00e1cen\u00ed zbo\u017e\u00ed do 2 m\u011bs\u00edc\u016f od v\u00fdm\u011bny, bude kupuj\u00edc\u00edmu (objednateli) toto zbo\u017e\u00ed vy\u00fa\u010dtov\u00e1no v cen\u011b platn\u00e9 v dob\u011b zakoupen\u00ed zbo\u017e\u00ed a kupuj\u00edc\u00ed se zavazuje tuto cenu uhradit.<\/li>\n<\/ol>\n\n\n\n<p><strong><em>\u010cl.6<\/em><\/strong><\/p>\n\n\n\n<p><em>D\u00edly s&nbsp;povrchovou \u00fapravou<\/em><\/p>\n\n\n\n<p>Kupuj\u00edc\u00ed (objednatel) bere na v\u011bdom\u00ed a souhlas\u00ed, \u017ee:<\/p>\n\n\n\n<ol class=\"wp-block-list\">\n<li>mechanick\u00e9 a fyzik\u00e1ln\u00ed vlastnosti povrch\u016f lakovan\u00fdch pr\u00e1\u0161kov\u00fdmi barvami spl\u0148uj\u00ed parametry ud\u00e1van\u00e9 v technick\u00e9m listu v\u00fdrobce barvy;<\/li>\n\n\n\n<li>zkou\u0161en\u00e9 odolnosti mechanick\u00e9ho p\u016fsoben\u00ed a odolnosti pov\u011btrnostn\u00edm vliv\u016fm jsou definov\u00e1ny v norm\u011b Qualicoat;<\/li>\n\n\n\n<li>jeden v\u00fdrobek m\u016f\u017ee b\u00fdt povrchov\u011b upravov\u00e1n r\u016fzn\u00fdmi technologiemi, co\u017e m\u016f\u017ee zp\u016fsobovat nuance v odst\u00ednu barvy;<\/li>\n\n\n\n<li>pro hodnocen\u00ed vzhledu povrchu v\u00fdrobku plat\u00ed pravidlo, \u017ee tento se hodnot\u00ed za denn\u00edho sv\u011btla ze vzd\u00e1lenosti 2 metr\u016f.<\/li>\n<\/ol>\n\n\n\n<p><strong><em>\u010cl. 7<\/em><\/strong><\/p>\n\n\n\n<p><em>Zbo\u017e\u00ed prod\u00e1van\u00e9 za ni\u017e\u0161\u00ed ceny<\/em><\/p>\n\n\n\n<ol class=\"wp-block-list\">\n<li>V\u00fdrobky pou\u017eit\u00e9, nebo v\u00fdrobky, kter\u00e9 maj\u00ed vady, je\u017e nebr\u00e1n\u00ed tomu, aby mohlo b\u00fdt v\u00fdrobku u\u017e\u00edv\u00e1no k ur\u010den\u00e9mu \u00fa\u010delu, jsou prod\u00e1v\u00e1ny jen za ni\u017e\u0161\u00ed ceny.<\/li>\n\n\n\n<li>Kupuj\u00edc\u00ed (objednatel) je upozorn\u011bn, \u017ee v\u00fdrobek m\u00e1 vadu a o jakou vadu jde. Za takov\u00e9to vady nov\u00fdch nebo pou\u017eit\u00fdch v\u00fdrobk\u016f, pro kter\u00e9 byla sjedn\u00e1na ni\u017e\u0161\u00ed cena, prod\u00e1vaj\u00edc\u00ed neodpov\u00edd\u00e1.<\/li>\n\n\n\n<li>Byla-li cena z obchodn\u00edch d\u016fvod\u016f sn\u00ed\u017eena (nap\u0159. z d\u016fvodu posez\u00f3nn\u00edho doprodeje) a jedn\u00e1-li se o prodej nov\u00e9ho bezvadn\u00e9ho zbo\u017e\u00ed, odpov\u00edd\u00e1 prod\u00e1vaj\u00edc\u00ed za vady prodan\u00e9ho zbo\u017e\u00ed v pln\u00e9m rozsahu podle pravidel tohoto reklama\u010dn\u00edho \u0159\u00e1du.<\/li>\n<\/ol>\n\n\n\n<p><strong><em>\u010cl. 8<\/em><\/strong><\/p>\n\n\n\n<p><em>\u0158e\u0161en\u00ed spor\u016f<\/em><\/p>\n\n\n\n<p>Ve sporech vznikl\u00fdch v r\u00e1mci reklama\u010dn\u00edho \u0159\u00edzen\u00ed rozhoduje soud v s\u00eddle prod\u00e1vaj\u00edc\u00edho (zhotovitele). Spory budou rozhodov\u00e1ny podle \u010desk\u00fdch pr\u00e1vn\u00edch p\u0159edpis\u016f.<\/p>\n\n\n\n<p><strong><em>\u010cl. 9<\/em><\/strong><\/p>\n\n\n\n<p><em>Z\u00e1v\u011bre\u010dn\u00e1 ustanoven\u00ed<\/em><\/p>\n\n\n\n<p>Reklama\u010dn\u00ed \u0159\u00e1d v tomto zn\u011bn\u00ed nab\u00fdv\u00e1 \u00fa\u010dinnosti dne 1.5.2021 a ru\u0161\u00ed ve\u0161ker\u00e9 p\u0159edchoz\u00ed reklama\u010dn\u00ed \u0159\u00e1dy vydan\u00e9 spole\u010dnost\u00ed<\/p>\n\n\n\n<p>Ve Vset\u00edn\u011b dne 1. kv\u011btna 2021<\/p>\n\n\n\n<p><strong>Ing. Filip Kohout<\/strong><\/p>\n\n\n\n<p>vedouc\u00ed divize STRATEGICK\u00dd N\u00c1KUP<\/p>\n","protected":false},"excerpt":{"rendered":"<p>Reklama\u010dn\u00ed \u0159\u00e1d v PDF &#8211;\u00a0ke sta\u017een\u00ed ZDE \u010cl. 1 Pr\u00e1vo kupuj\u00edc\u00edho (objednatele) na reklamaci vadn\u00e9ho zbo\u017e\u00ed \u010cl. 2 Uplat\u0148ov\u00e1n\u00ed reklamace \u010cl. 3 Uzn\u00e1n\u00ed reklamace, z\u00e1ru\u010dn\u00ed doba \u010cl. 4 Odstraniteln\u00e9 vady \u010cl. 5 Neodstraniteln\u00e9 vady \u010cl.6 D\u00edly s&nbsp;povrchovou \u00fapravou Kupuj\u00edc\u00ed (objednatel) bere na v\u011bdom\u00ed a souhlas\u00ed, \u017ee: \u010cl. 7 Zbo\u017e\u00ed prod\u00e1van\u00e9 za ni\u017e\u0161\u00ed ceny \u010cl. 8 [&hellip;]<\/p>\n","protected":false},"author":5,"featured_media":0,"parent":0,"menu_order":0,"comment_status":"closed","ping_status":"closed","template":"","meta":{"_acf_changed":false,"inline_featured_image":false,"footnotes":""},"class_list":["post-8167","page","type-page","status-publish","hentry"],"acf":[],"yoast_head":"<!-- This site is optimized with the Yoast SEO Premium plugin v25.8 (Yoast SEO v27.2) - https:\/\/yoast.com\/product\/yoast-seo-premium-wordpress\/ -->\n<title>Reklama\u010dn\u00ed \u0159\u00e1d - SK Partnersk\u00fd web - uk\u00e1zka<\/title>\n<meta name=\"robots\" content=\"noindex, follow, max-snippet:-1, max-image-preview:large, max-video-preview:-1\" \/>\n<meta property=\"og:locale\" content=\"cs_CZ\" \/>\n<meta property=\"og:type\" content=\"article\" \/>\n<meta property=\"og:title\" content=\"Reklama\u010dn\u00ed \u0159\u00e1d\" \/>\n<meta property=\"og:description\" content=\"Reklama\u010dn\u00ed \u0159\u00e1d v PDF &#8211;\u00a0ke sta\u017een\u00ed ZDE \u010cl. 1 Pr\u00e1vo kupuj\u00edc\u00edho (objednatele) na reklamaci vadn\u00e9ho zbo\u017e\u00ed \u010cl. 2 Uplat\u0148ov\u00e1n\u00ed reklamace \u010cl. 3 Uzn\u00e1n\u00ed reklamace, z\u00e1ru\u010dn\u00ed doba \u010cl. 4 Odstraniteln\u00e9 vady \u010cl. 5 Neodstraniteln\u00e9 vady \u010cl.6 D\u00edly s&nbsp;povrchovou \u00fapravou Kupuj\u00edc\u00ed (objednatel) bere na v\u011bdom\u00ed a souhlas\u00ed, \u017ee: \u010cl. 7 Zbo\u017e\u00ed prod\u00e1van\u00e9 za ni\u017e\u0161\u00ed ceny \u010cl. 8 [&hellip;]\" \/>\n<meta property=\"og:url\" content=\"https:\/\/ukazka-sk.partner.climax.cz\/cs\/reklamacni-rad\/\" \/>\n<meta property=\"og:site_name\" content=\"SK Partnersk\u00fd web - uk\u00e1zka\" \/>\n<meta property=\"article:modified_time\" content=\"2025-03-17T13:54:38+00:00\" \/>\n<meta name=\"twitter:card\" content=\"summary_large_image\" \/>\n<meta name=\"twitter:label1\" content=\"Odhadovan\u00e1 doba \u010dten\u00ed\" \/>\n\t<meta name=\"twitter:data1\" content=\"8 minut\" \/>\n<script type=\"application\/ld+json\" class=\"yoast-schema-graph\">{\"@context\":\"https:\/\/schema.org\",\"@graph\":[{\"@type\":\"WebPage\",\"@id\":\"https:\/\/ukazka-sk.partner.climax.cz\/cs\/reklamacni-rad\/\",\"url\":\"https:\/\/ukazka-sk.partner.climax.cz\/cs\/reklamacni-rad\/\",\"name\":\"Reklama\u010dn\u00ed \u0159\u00e1d - SK Partnersk\u00fd web - uk\u00e1zka\",\"isPartOf\":{\"@id\":\"https:\/\/ukazka-sk.partner.climax.cz\/cs\/#website\"},\"datePublished\":\"2025-03-17T13:48:19+00:00\",\"dateModified\":\"2025-03-17T13:54:38+00:00\",\"breadcrumb\":{\"@id\":\"https:\/\/ukazka-sk.partner.climax.cz\/cs\/reklamacni-rad\/#breadcrumb\"},\"inLanguage\":\"cs\",\"potentialAction\":[{\"@type\":\"ReadAction\",\"target\":[\"https:\/\/ukazka-sk.partner.climax.cz\/cs\/reklamacni-rad\/\"]}]},{\"@type\":\"BreadcrumbList\",\"@id\":\"https:\/\/ukazka-sk.partner.climax.cz\/cs\/reklamacni-rad\/#breadcrumb\",\"itemListElement\":[{\"@type\":\"ListItem\",\"position\":1,\"name\":\"Dom\u016f\",\"item\":\"https:\/\/ukazka-sk.partner.climax.cz\/cs\/\"},{\"@type\":\"ListItem\",\"position\":2,\"name\":\"Reklama\u010dn\u00ed \u0159\u00e1d\"}]},{\"@type\":\"WebSite\",\"@id\":\"https:\/\/ukazka-sk.partner.climax.cz\/cs\/#website\",\"url\":\"https:\/\/ukazka-sk.partner.climax.cz\/cs\/\",\"name\":\"SK Partnersk\u00fd web - uk\u00e1zka\",\"description\":\"\",\"potentialAction\":[{\"@type\":\"SearchAction\",\"target\":{\"@type\":\"EntryPoint\",\"urlTemplate\":\"https:\/\/ukazka-sk.partner.climax.cz\/cs\/?s={search_term_string}\"},\"query-input\":{\"@type\":\"PropertyValueSpecification\",\"valueRequired\":true,\"valueName\":\"search_term_string\"}}],\"inLanguage\":\"cs\"}]}<\/script>\n<!-- \/ Yoast SEO Premium plugin. -->","yoast_head_json":{"title":"Reklama\u010dn\u00ed \u0159\u00e1d - SK Partnersk\u00fd web - uk\u00e1zka","robots":{"index":"noindex","follow":"follow","max-snippet":"max-snippet:-1","max-image-preview":"max-image-preview:large","max-video-preview":"max-video-preview:-1"},"og_locale":"cs_CZ","og_type":"article","og_title":"Reklama\u010dn\u00ed \u0159\u00e1d","og_description":"Reklama\u010dn\u00ed \u0159\u00e1d v PDF &#8211;\u00a0ke sta\u017een\u00ed ZDE \u010cl. 1 Pr\u00e1vo kupuj\u00edc\u00edho (objednatele) na reklamaci vadn\u00e9ho zbo\u017e\u00ed \u010cl. 2 Uplat\u0148ov\u00e1n\u00ed reklamace \u010cl. 3 Uzn\u00e1n\u00ed reklamace, z\u00e1ru\u010dn\u00ed doba \u010cl. 4 Odstraniteln\u00e9 vady \u010cl. 5 Neodstraniteln\u00e9 vady \u010cl.6 D\u00edly s&nbsp;povrchovou \u00fapravou Kupuj\u00edc\u00ed (objednatel) bere na v\u011bdom\u00ed a souhlas\u00ed, \u017ee: \u010cl. 7 Zbo\u017e\u00ed prod\u00e1van\u00e9 za ni\u017e\u0161\u00ed ceny \u010cl. 8 [&hellip;]","og_url":"https:\/\/ukazka-sk.partner.climax.cz\/cs\/reklamacni-rad\/","og_site_name":"SK Partnersk\u00fd web - uk\u00e1zka","article_modified_time":"2025-03-17T13:54:38+00:00","twitter_card":"summary_large_image","twitter_misc":{"Odhadovan\u00e1 doba \u010dten\u00ed":"8 minut"},"schema":{"@context":"https:\/\/schema.org","@graph":[{"@type":"WebPage","@id":"https:\/\/ukazka-sk.partner.climax.cz\/cs\/reklamacni-rad\/","url":"https:\/\/ukazka-sk.partner.climax.cz\/cs\/reklamacni-rad\/","name":"Reklama\u010dn\u00ed \u0159\u00e1d - SK Partnersk\u00fd web - uk\u00e1zka","isPartOf":{"@id":"https:\/\/ukazka-sk.partner.climax.cz\/cs\/#website"},"datePublished":"2025-03-17T13:48:19+00:00","dateModified":"2025-03-17T13:54:38+00:00","breadcrumb":{"@id":"https:\/\/ukazka-sk.partner.climax.cz\/cs\/reklamacni-rad\/#breadcrumb"},"inLanguage":"cs","potentialAction":[{"@type":"ReadAction","target":["https:\/\/ukazka-sk.partner.climax.cz\/cs\/reklamacni-rad\/"]}]},{"@type":"BreadcrumbList","@id":"https:\/\/ukazka-sk.partner.climax.cz\/cs\/reklamacni-rad\/#breadcrumb","itemListElement":[{"@type":"ListItem","position":1,"name":"Dom\u016f","item":"https:\/\/ukazka-sk.partner.climax.cz\/cs\/"},{"@type":"ListItem","position":2,"name":"Reklama\u010dn\u00ed \u0159\u00e1d"}]},{"@type":"WebSite","@id":"https:\/\/ukazka-sk.partner.climax.cz\/cs\/#website","url":"https:\/\/ukazka-sk.partner.climax.cz\/cs\/","name":"SK Partnersk\u00fd web - uk\u00e1zka","description":"","potentialAction":[{"@type":"SearchAction","target":{"@type":"EntryPoint","urlTemplate":"https:\/\/ukazka-sk.partner.climax.cz\/cs\/?s={search_term_string}"},"query-input":{"@type":"PropertyValueSpecification","valueRequired":true,"valueName":"search_term_string"}}],"inLanguage":"cs"}]}},"_links":{"self":[{"href":"https:\/\/ukazka-sk.partner.climax.cz\/cs\/wp-json\/wp\/v2\/pages\/8167","targetHints":{"allow":["GET"]}}],"collection":[{"href":"https:\/\/ukazka-sk.partner.climax.cz\/cs\/wp-json\/wp\/v2\/pages"}],"about":[{"href":"https:\/\/ukazka-sk.partner.climax.cz\/cs\/wp-json\/wp\/v2\/types\/page"}],"author":[{"embeddable":true,"href":"https:\/\/ukazka-sk.partner.climax.cz\/cs\/wp-json\/wp\/v2\/users\/5"}],"replies":[{"embeddable":true,"href":"https:\/\/ukazka-sk.partner.climax.cz\/cs\/wp-json\/wp\/v2\/comments?post=8167"}],"version-history":[{"count":2,"href":"https:\/\/ukazka-sk.partner.climax.cz\/cs\/wp-json\/wp\/v2\/pages\/8167\/revisions"}],"predecessor-version":[{"id":8171,"href":"https:\/\/ukazka-sk.partner.climax.cz\/cs\/wp-json\/wp\/v2\/pages\/8167\/revisions\/8171"}],"wp:attachment":[{"href":"https:\/\/ukazka-sk.partner.climax.cz\/cs\/wp-json\/wp\/v2\/media?parent=8167"}],"curies":[{"name":"wp","href":"https:\/\/api.w.org\/{rel}","templated":true}]}}