{"id":8094,"date":"2025-03-06T19:04:28","date_gmt":"2025-03-06T18:04:28","guid":{"rendered":"https:\/\/ukazka-sk.partner.climax.cz\/?page_id=8094"},"modified":"2025-03-17T14:55:35","modified_gmt":"2025-03-17T13:55:35","slug":"servis","status":"publish","type":"page","link":"https:\/\/ukazka-sk.partner.climax.cz\/cs\/servis\/","title":{"rendered":"Servis"},"content":{"rendered":"\n<p>Nefunguje v\u00e1m st\u00edn\u00edc\u00ed technika tak, jak by m\u011bla? A\u0165 u\u017e \u0159e\u0161\u00edte&nbsp;<strong>z\u00e1ru\u010dn\u00ed servis, reklamaci \u010di poz\u00e1ru\u010dn\u00ed opravu<\/strong>, jste tady spr\u00e1vn\u011b! Sta\u010d\u00ed vyplnit n\u00e1\u0161 servisn\u00ed formul\u00e1\u0159 a my u\u017e pak v\u0161e zajist\u00edme.&nbsp;<\/p>\n\n\n\n<h4 class=\"wp-block-heading\" id=\"h-potrebujete-vyridit-reklamaci-nebo-objednat-servis-stinici-techniky-nbsp\">Pot\u0159ebujete vy\u0159\u00eddit reklamaci nebo objednat servis st\u00edn\u00edc\u00ed techniky?&nbsp;<\/h4>\n\n\n\n<p><strong>Pro rychlej\u0161\u00ed vy\u0159\u00edzen\u00ed vypl\u0148te do n\u00ed\u017ee uveden\u00e9ho formul\u00e1\u0159e v\u0161echny dostupn\u00e9 informace:<\/strong>&nbsp;&nbsp;<\/p>\n\n\n\n<ol class=\"wp-block-list\">\n<li>Kontaktn\u00ed \u00fadaje.<\/li>\n\n\n\n<li>Jak se z\u00e1vada projevuje.<\/li>\n\n\n\n<li>Dal\u0161\u00ed informace nutn\u00e9 k posouzen\u00ed z\u00e1vady.<\/li>\n\n\n\n<li>Fotodokumentace.<\/li>\n\n\n\n<li>Zda m\u00e1 z\u00e1vada povahu hav\u00e1rie (je nutn\u00e1 okam\u017eit\u00e1 oprava)?<\/li>\n<\/ol>\n\n\n\n<p><strong>Upozor\u0148ujeme, \u017ee ka\u017ed\u00e1 objedn\u00e1vka servisu mus\u00ed b\u00fdt p\u00edsemn\u00e1. Telefonick\u00e9 objedn\u00e1vky nep\u0159ij\u00edm\u00e1me!<\/strong><\/p>\n\n\n\n<p>Doba pro vy\u0159\u00edzen\u00ed z\u00e1ru\u010dn\u00edho servisu je 30 dn\u00ed.<\/p>\n\n\n\n<h4 class=\"wp-block-heading\" id=\"h-jak-probiha-servisni-pozadavek\">Jak prob\u00edh\u00e1 servisn\u00ed po\u017eadavek?<\/h4>\n\n\n\n<p>Po vypln\u011bn\u00ed formul\u00e1\u0159e V\u00e1s budeme v nejbli\u017e\u0161\u00edch dnech kontaktovat, kdy vyzjist\u00edme v\u0161echny pot\u0159ebn\u00e9 podrobnosti pro servisn\u00edho technika. N\u00e1sledn\u011b se podle dan\u00e9 situace napl\u00e1nuje bu\u010f prohl\u00eddka m\u00edsta, nebo rovnou oprava.&nbsp;<\/p>\n\n\n\n<p>Upozor\u0148ujeme, \u017ee servisn\u00ed formul\u00e1\u0159 z\u00e1rove\u0148 slou\u017e\u00ed jako objedn\u00e1vka.<\/p>\n\n\n\n<h4 class=\"wp-block-heading\" id=\"h-ceny-servisu-jsou-bez-dph\">Ceny servisu jsou bez DPH<\/h4>\n\n\n\n<figure class=\"wp-block-table\"><table class=\"has-fixed-layout\"><tbody><tr><td>N\u00e1v\u0161t\u011bva technika identifikace z\u00e1vady<\/td><td>&nbsp;<\/td><td>800,- K\u010d\/hod\/osoba &#8211; zpravidla jedna osoba<\/td><\/tr><tr><td>Oprava na m\u00edst\u011b<\/td><td>&nbsp;<\/td><td>800,- K\u010d\/hod\/osoba &#8211; zpravidla jedna osoba<\/td><\/tr><tr><td>oprava na m\u00edst\u011b &#8211; v\u00fd\u0161kov\u00e9 pr\u00e1ce<\/td><td>&nbsp;<\/td><td>900,- K\u010d\/hod\/osoba &#8211; zpravidla 2 osoby<\/td><\/tr><tr><td>Zdv\u00edhac\u00ed plo\u0161ina<\/td><td>&nbsp;<\/td><td>individu\u00e1ln\u011b (dle v\u00fd\u0161ky objektu, ter\u00e9nu, atd.)<\/td><\/tr><tr><td>Doprava<\/td><td>&nbsp;<\/td><td>18,- K\u010d\/km<\/td><\/tr><\/tbody><\/table><\/figure>\n\n\n\n<p>Touto \u010d\u00e1stkou \u00fa\u010dtujeme ka\u017edou zapo\u010datou hodinu pr\u00e1ce.<br><strong>U marn\u00e9ho v\u00fdjezdu (neuznan\u00e1 reklamace) rovn\u011b\u017e \u00fa\u010dtujeme v\u00fd\u0161e uveden\u00e9 sazby. Ceny nezahrnuj\u00ed p\u0159\u00edpadn\u00e9 n\u00e1hradn\u00ed d\u00edly \u010di komponenty<\/strong>.<\/p>\n\n\n\n<p><br>Pokud n\u011bkter\u00fdch z \u00fadaj\u016f nezn\u00e1te, uve\u010fte do kolonky &#8222;nev\u00edm&#8220;.<\/p>\n\n\n\n<p>Reklama\u010dn\u00ed \u0159\u00e1d ke sta\u017een\u00ed<a href=\"https:\/\/www.climax.cz\/files\/files\/reklamacni-rad\/reklamacni-rad-2021-cz.pdf\">\u00a0<\/a><a href=\"https:\/\/www.climax.cz\/partner-ukazka\/wp-content\/uploads\/sites\/16\/2025\/03\/mp_45-reklamacni-rad-7.-vydani-2.pdf\">ZDE<\/a><a href=\"https:\/\/www.climax.cz\/files\/files\/reklamacni-rad\/reklamacni-rad-2021-cz.pdf\">.<\/a><\/p>\n\n\n\n<div class=\"wpcf7 no-js\" id=\"wpcf7-f8095-o1\" lang=\"cs-CZ\" dir=\"ltr\" data-wpcf7-id=\"8095\">\n<div class=\"screen-reader-response\"><p role=\"status\" aria-live=\"polite\" aria-atomic=\"true\"><\/p> <ul><\/ul><\/div>\n<form action=\"\/cs\/wp-json\/wp\/v2\/pages\/8094#wpcf7-f8095-o1\" method=\"post\" class=\"wpcf7-form init\" aria-label=\"Kontaktn\u00ed formul\u00e1\u0159\" novalidate=\"novalidate\" data-status=\"init\">\n<fieldset class=\"hidden-fields-container\"><input type=\"hidden\" name=\"_wpcf7\" value=\"8095\" \/><input type=\"hidden\" name=\"_wpcf7_version\" value=\"6.1.5\" \/><input type=\"hidden\" name=\"_wpcf7_locale\" value=\"cs_CZ\" \/><input type=\"hidden\" name=\"_wpcf7_unit_tag\" value=\"wpcf7-f8095-o1\" \/><input type=\"hidden\" name=\"_wpcf7_container_post\" value=\"0\" \/><input type=\"hidden\" name=\"_wpcf7_posted_data_hash\" value=\"\" \/>\n<\/fieldset>\n<div class=\"row row--10\">\n\t<div class=\"col-sm-6\">\n\t\t<div class=\"poptavka-formular__input\">\n\t\t\t<p><span class=\"wpcf7-form-control-wrap\" data-name=\"your-typ_ukonu\"><input size=\"40\" maxlength=\"400\" class=\"wpcf7-form-control wpcf7-text wpcf7-validates-as-required\" aria-required=\"true\" aria-invalid=\"false\" placeholder=\"Typ \u00fakonu *\" value=\"\" type=\"text\" name=\"your-typ_ukonu\" \/><\/span>\n\t\t\t<\/p>\n\t\t<\/div>\n\t<\/div>\n\t<div class=\"col-sm-6\">\n\t\t<div class=\"poptavka-formular__input\">\n\t\t\t<p><span class=\"wpcf7-form-control-wrap\" data-name=\"your-vyrobek\"><input size=\"40\" maxlength=\"400\" class=\"wpcf7-form-control wpcf7-text wpcf7-validates-as-required\" aria-required=\"true\" aria-invalid=\"false\" placeholder=\"V\u00fdrobek *\" value=\"\" type=\"text\" name=\"your-vyrobek\" \/><\/span>\n\t\t\t<\/p>\n\t\t<\/div>\n\t<\/div>\n<\/div>\n<div class=\"row row--10\">\n\t<div class=\"col-sm-6\">\n\t\t<div class=\"poptavka-formular__input\">\n\t\t\t<p><span class=\"wpcf7-form-control-wrap\" data-name=\"your-name\"><input size=\"40\" maxlength=\"400\" class=\"wpcf7-form-control wpcf7-text wpcf7-validates-as-required\" autocomplete=\"given-name\" aria-required=\"true\" aria-invalid=\"false\" placeholder=\"Jm\u00e9no *\" value=\"\" type=\"text\" name=\"your-name\" \/><\/span>\n\t\t\t<\/p>\n\t\t<\/div>\n\t<\/div>\n\t<div class=\"col-sm-6\">\n\t\t<div class=\"poptavka-formular__input\">\n\t\t\t<p><span class=\"wpcf7-form-control-wrap\" data-name=\"your-surname\"><input size=\"40\" maxlength=\"400\" class=\"wpcf7-form-control wpcf7-text wpcf7-validates-as-required\" autocomplete=\"family-name\" aria-required=\"true\" aria-invalid=\"false\" placeholder=\"P\u0159\u00edjmen\u00ed *\" value=\"\" type=\"text\" name=\"your-surname\" \/><\/span>\n\t\t\t<\/p>\n\t\t<\/div>\n\t<\/div>\n<\/div>\n<div class=\"row row--10\">\n\t<div class=\"col-sm-6\">\n\t\t<div class=\"poptavka-formular__input\">\n\t\t\t<p><span class=\"wpcf7-form-control-wrap\" data-name=\"your-email\"><input size=\"40\" maxlength=\"400\" class=\"wpcf7-form-control wpcf7-email wpcf7-validates-as-required wpcf7-text wpcf7-validates-as-email\" autocomplete=\"email\" aria-required=\"true\" aria-invalid=\"false\" placeholder=\"E-mail *\" value=\"\" type=\"email\" name=\"your-email\" \/><\/span>\n\t\t\t<\/p>\n\t\t<\/div>\n\t<\/div>\n\t<div class=\"col-sm-6\">\n\t\t<div class=\"poptavka-formular__input\">\n\t\t\t<p><span class=\"wpcf7-form-control-wrap\" data-name=\"your-phone\"><input size=\"40\" maxlength=\"400\" class=\"wpcf7-form-control wpcf7-text wpcf7-validates-as-required\" autocomplete=\"phone\" aria-required=\"true\" aria-invalid=\"false\" placeholder=\"Telefon *\" value=\"\" type=\"text\" name=\"your-phone\" \/><\/span>\n\t\t\t<\/p>\n\t\t<\/div>\n\t<\/div>\n<\/div>\n<div class=\"row row--10\">\n\t<div class=\"col-sm-6\">\n\t\t<div class=\"poptavka-formular__input\">\n\t\t\t<p><span class=\"wpcf7-form-control-wrap\" data-name=\"your-spolecnost\"><input size=\"40\" maxlength=\"400\" class=\"wpcf7-form-control wpcf7-text wpcf7-validates-as-required\" aria-required=\"true\" aria-invalid=\"false\" placeholder=\"N\u00e1zev spole\u010dnosti *\" value=\"\" type=\"text\" name=\"your-spolecnost\" \/><\/span>\n\t\t\t<\/p>\n\t\t<\/div>\n\t<\/div>\n\t<div class=\"col-sm-6\">\n\t\t<div class=\"poptavka-formular__input\">\n\t\t\t<p><span class=\"wpcf7-form-control-wrap\" data-name=\"your-adresa\"><input size=\"40\" maxlength=\"400\" class=\"wpcf7-form-control wpcf7-text wpcf7-validates-as-required\" autocomplete=\"phone\" aria-required=\"true\" aria-invalid=\"false\" placeholder=\"Adresa*\" value=\"\" type=\"text\" name=\"your-adresa\" \/><\/span>\n\t\t\t<\/p>\n\t\t<\/div>\n\t<\/div>\n<\/div>\n<div class=\"row row--10\">\n\t<div class=\"col-sm-6\">\n\t\t<div class=\"poptavka-formular__input\">\n\t\t\t<p><span class=\"wpcf7-form-control-wrap\" data-name=\"your-fa\"><input size=\"40\" maxlength=\"400\" class=\"wpcf7-form-control wpcf7-text wpcf7-validates-as-required\" aria-required=\"true\" aria-invalid=\"false\" placeholder=\"\u010c\u00edslo faktury*\" value=\"\" type=\"text\" name=\"your-fa\" \/><\/span>\n\t\t\t<\/p>\n\t\t<\/div>\n\t<\/div>\n\t<div class=\"col-sm-6\">\n\t\t<div class=\"poptavka-formular__input\">\n\t\t\t<p><span class=\"wpcf7-form-control-wrap\" data-name=\"your-datum\"><input size=\"40\" maxlength=\"400\" class=\"wpcf7-form-control wpcf7-text wpcf7-validates-as-required\" aria-required=\"true\" aria-invalid=\"false\" placeholder=\"Datum vystaven\u00ed faktury *\" value=\"\" type=\"text\" name=\"your-datum\" \/><\/span>\n\t\t\t<\/p>\n\t\t<\/div>\n\t<\/div>\n<\/div>\n<div class=\"poptavka-formular__textarea\">\n\t<p><span class=\"wpcf7-form-control-wrap\" data-name=\"your-note\"><textarea cols=\"40\" rows=\"10\" maxlength=\"2000\" class=\"wpcf7-form-control wpcf7-textarea\" aria-invalid=\"false\" placeholder=\"Podrobn\u00fd popis z\u00e1vady\" name=\"your-note\"><\/textarea><\/span>\n\t<\/p>\n<\/div>\n<div class=\"poptavka-formular__checkbox\">\n\t<p><span class=\"wpcf7-form-control-wrap\" data-name=\"your-newsletter\"><span class=\"wpcf7-form-control wpcf7-acceptance optional\"><span class=\"wpcf7-list-item\"><label><input type=\"checkbox\" name=\"your-newsletter\" value=\"1\" aria-invalid=\"false\" \/><span class=\"wpcf7-list-item-label\">SOUHLAS\u00cdM se zas\u00edl\u00e1n\u00edm informac\u00ed o novink\u00e1ch v elektronick\u00e9 podob\u011b (z\u00e1kon \u010d. 480\/2004 Sb. \u00a7 7)<\/span><\/label><\/span><\/span><\/span>\n\t<\/p>\n<\/div>\n<div class=\"d-flex flex-wrap flex-md-nowrap justify-content-between align-items-center\">\n\t<div class=\"poptavka-formular__sidebutton\">\n\t\t<p>Odesl\u00e1n\u00edm zpr\u00e1vy souhlas\u00edte s <a href=\"\/ochrana-osobnich-udaju\/\" target=\"_blank\">podm\u00ednkami ochrany osobn\u00edch \u00fadaj\u016f<\/a>\n\t\t<\/p>\n\t<\/div>\n\t<div>\n\t\t<p><input class=\"wpcf7-form-control wpcf7-submit has-spinner button button--primary\" type=\"submit\" value=\"Odeslat\" \/>\n\t\t<\/p>\n\t<\/div>\n<\/div>\n<div class=\"wpcf7-response-output\" aria-hidden=\"true\"><\/div>\n<\/form>\n<\/div>\n\n","protected":false},"excerpt":{"rendered":"<p>Nefunguje v\u00e1m st\u00edn\u00edc\u00ed technika tak, jak by m\u011bla? A\u0165 u\u017e \u0159e\u0161\u00edte&nbsp;z\u00e1ru\u010dn\u00ed servis, reklamaci \u010di poz\u00e1ru\u010dn\u00ed opravu, jste tady spr\u00e1vn\u011b! Sta\u010d\u00ed vyplnit n\u00e1\u0161 servisn\u00ed formul\u00e1\u0159 a my u\u017e pak v\u0161e zajist\u00edme.&nbsp; Pot\u0159ebujete vy\u0159\u00eddit reklamaci nebo objednat servis st\u00edn\u00edc\u00ed techniky?&nbsp; Pro rychlej\u0161\u00ed vy\u0159\u00edzen\u00ed vypl\u0148te do n\u00ed\u017ee uveden\u00e9ho formul\u00e1\u0159e v\u0161echny dostupn\u00e9 informace:&nbsp;&nbsp; Upozor\u0148ujeme, \u017ee ka\u017ed\u00e1 objedn\u00e1vka servisu mus\u00ed [&hellip;]<\/p>\n","protected":false},"author":1,"featured_media":0,"parent":0,"menu_order":0,"comment_status":"closed","ping_status":"closed","template":"","meta":{"_acf_changed":false,"inline_featured_image":false,"footnotes":""},"class_list":["post-8094","page","type-page","status-publish","hentry"],"acf":[],"yoast_head":"<!-- This site is optimized with the Yoast SEO Premium plugin v25.8 (Yoast SEO v27.2) - https:\/\/yoast.com\/product\/yoast-seo-premium-wordpress\/ -->\n<title>Servis - SK Partnersk\u00fd web - uk\u00e1zka<\/title>\n<meta name=\"robots\" content=\"noindex, follow, max-snippet:-1, max-image-preview:large, max-video-preview:-1\" \/>\n<meta property=\"og:locale\" content=\"cs_CZ\" \/>\n<meta property=\"og:type\" content=\"article\" \/>\n<meta property=\"og:title\" content=\"Servis\" \/>\n<meta property=\"og:description\" content=\"Nefunguje v\u00e1m st\u00edn\u00edc\u00ed technika tak, jak by m\u011bla? A\u0165 u\u017e \u0159e\u0161\u00edte&nbsp;z\u00e1ru\u010dn\u00ed servis, reklamaci \u010di poz\u00e1ru\u010dn\u00ed opravu, jste tady spr\u00e1vn\u011b! Sta\u010d\u00ed vyplnit n\u00e1\u0161 servisn\u00ed formul\u00e1\u0159 a my u\u017e pak v\u0161e zajist\u00edme.&nbsp; Pot\u0159ebujete vy\u0159\u00eddit reklamaci nebo objednat servis st\u00edn\u00edc\u00ed techniky?&nbsp; Pro rychlej\u0161\u00ed vy\u0159\u00edzen\u00ed vypl\u0148te do n\u00ed\u017ee uveden\u00e9ho formul\u00e1\u0159e v\u0161echny dostupn\u00e9 informace:&nbsp;&nbsp; Upozor\u0148ujeme, \u017ee ka\u017ed\u00e1 objedn\u00e1vka servisu mus\u00ed [&hellip;]\" \/>\n<meta property=\"og:url\" content=\"https:\/\/ukazka-sk.partner.climax.cz\/cs\/servis\/\" \/>\n<meta property=\"og:site_name\" content=\"SK Partnersk\u00fd web - uk\u00e1zka\" \/>\n<meta property=\"article:modified_time\" content=\"2025-03-17T13:55:35+00:00\" \/>\n<meta name=\"twitter:card\" content=\"summary_large_image\" \/>\n<meta name=\"twitter:label1\" content=\"Odhadovan\u00e1 doba \u010dten\u00ed\" \/>\n\t<meta name=\"twitter:data1\" content=\"2 minuty\" \/>\n<script type=\"application\/ld+json\" class=\"yoast-schema-graph\">{\"@context\":\"https:\/\/schema.org\",\"@graph\":[{\"@type\":\"WebPage\",\"@id\":\"https:\/\/ukazka-sk.partner.climax.cz\/cs\/servis\/\",\"url\":\"https:\/\/ukazka-sk.partner.climax.cz\/cs\/servis\/\",\"name\":\"Servis - SK Partnersk\u00fd web - uk\u00e1zka\",\"isPartOf\":{\"@id\":\"https:\/\/ukazka-sk.partner.climax.cz\/cs\/#website\"},\"datePublished\":\"2025-03-06T18:04:28+00:00\",\"dateModified\":\"2025-03-17T13:55:35+00:00\",\"breadcrumb\":{\"@id\":\"https:\/\/ukazka-sk.partner.climax.cz\/cs\/servis\/#breadcrumb\"},\"inLanguage\":\"cs\",\"potentialAction\":[{\"@type\":\"ReadAction\",\"target\":[\"https:\/\/ukazka-sk.partner.climax.cz\/cs\/servis\/\"]}]},{\"@type\":\"BreadcrumbList\",\"@id\":\"https:\/\/ukazka-sk.partner.climax.cz\/cs\/servis\/#breadcrumb\",\"itemListElement\":[{\"@type\":\"ListItem\",\"position\":1,\"name\":\"Dom\u016f\",\"item\":\"https:\/\/ukazka-sk.partner.climax.cz\/cs\/\"},{\"@type\":\"ListItem\",\"position\":2,\"name\":\"Servis\"}]},{\"@type\":\"WebSite\",\"@id\":\"https:\/\/ukazka-sk.partner.climax.cz\/cs\/#website\",\"url\":\"https:\/\/ukazka-sk.partner.climax.cz\/cs\/\",\"name\":\"SK Partnersk\u00fd web - uk\u00e1zka\",\"description\":\"\",\"potentialAction\":[{\"@type\":\"SearchAction\",\"target\":{\"@type\":\"EntryPoint\",\"urlTemplate\":\"https:\/\/ukazka-sk.partner.climax.cz\/cs\/?s={search_term_string}\"},\"query-input\":{\"@type\":\"PropertyValueSpecification\",\"valueRequired\":true,\"valueName\":\"search_term_string\"}}],\"inLanguage\":\"cs\"}]}<\/script>\n<!-- \/ Yoast SEO Premium plugin. -->","yoast_head_json":{"title":"Servis - SK Partnersk\u00fd web - uk\u00e1zka","robots":{"index":"noindex","follow":"follow","max-snippet":"max-snippet:-1","max-image-preview":"max-image-preview:large","max-video-preview":"max-video-preview:-1"},"og_locale":"cs_CZ","og_type":"article","og_title":"Servis","og_description":"Nefunguje v\u00e1m st\u00edn\u00edc\u00ed technika tak, jak by m\u011bla? A\u0165 u\u017e \u0159e\u0161\u00edte&nbsp;z\u00e1ru\u010dn\u00ed servis, reklamaci \u010di poz\u00e1ru\u010dn\u00ed opravu, jste tady spr\u00e1vn\u011b! Sta\u010d\u00ed vyplnit n\u00e1\u0161 servisn\u00ed formul\u00e1\u0159 a my u\u017e pak v\u0161e zajist\u00edme.&nbsp; Pot\u0159ebujete vy\u0159\u00eddit reklamaci nebo objednat servis st\u00edn\u00edc\u00ed techniky?&nbsp; Pro rychlej\u0161\u00ed vy\u0159\u00edzen\u00ed vypl\u0148te do n\u00ed\u017ee uveden\u00e9ho formul\u00e1\u0159e v\u0161echny dostupn\u00e9 informace:&nbsp;&nbsp; Upozor\u0148ujeme, \u017ee ka\u017ed\u00e1 objedn\u00e1vka servisu mus\u00ed [&hellip;]","og_url":"https:\/\/ukazka-sk.partner.climax.cz\/cs\/servis\/","og_site_name":"SK Partnersk\u00fd web - uk\u00e1zka","article_modified_time":"2025-03-17T13:55:35+00:00","twitter_card":"summary_large_image","twitter_misc":{"Odhadovan\u00e1 doba \u010dten\u00ed":"2 minuty"},"schema":{"@context":"https:\/\/schema.org","@graph":[{"@type":"WebPage","@id":"https:\/\/ukazka-sk.partner.climax.cz\/cs\/servis\/","url":"https:\/\/ukazka-sk.partner.climax.cz\/cs\/servis\/","name":"Servis - SK Partnersk\u00fd web - uk\u00e1zka","isPartOf":{"@id":"https:\/\/ukazka-sk.partner.climax.cz\/cs\/#website"},"datePublished":"2025-03-06T18:04:28+00:00","dateModified":"2025-03-17T13:55:35+00:00","breadcrumb":{"@id":"https:\/\/ukazka-sk.partner.climax.cz\/cs\/servis\/#breadcrumb"},"inLanguage":"cs","potentialAction":[{"@type":"ReadAction","target":["https:\/\/ukazka-sk.partner.climax.cz\/cs\/servis\/"]}]},{"@type":"BreadcrumbList","@id":"https:\/\/ukazka-sk.partner.climax.cz\/cs\/servis\/#breadcrumb","itemListElement":[{"@type":"ListItem","position":1,"name":"Dom\u016f","item":"https:\/\/ukazka-sk.partner.climax.cz\/cs\/"},{"@type":"ListItem","position":2,"name":"Servis"}]},{"@type":"WebSite","@id":"https:\/\/ukazka-sk.partner.climax.cz\/cs\/#website","url":"https:\/\/ukazka-sk.partner.climax.cz\/cs\/","name":"SK Partnersk\u00fd web - uk\u00e1zka","description":"","potentialAction":[{"@type":"SearchAction","target":{"@type":"EntryPoint","urlTemplate":"https:\/\/ukazka-sk.partner.climax.cz\/cs\/?s={search_term_string}"},"query-input":{"@type":"PropertyValueSpecification","valueRequired":true,"valueName":"search_term_string"}}],"inLanguage":"cs"}]}},"_links":{"self":[{"href":"https:\/\/ukazka-sk.partner.climax.cz\/cs\/wp-json\/wp\/v2\/pages\/8094","targetHints":{"allow":["GET"]}}],"collection":[{"href":"https:\/\/ukazka-sk.partner.climax.cz\/cs\/wp-json\/wp\/v2\/pages"}],"about":[{"href":"https:\/\/ukazka-sk.partner.climax.cz\/cs\/wp-json\/wp\/v2\/types\/page"}],"author":[{"embeddable":true,"href":"https:\/\/ukazka-sk.partner.climax.cz\/cs\/wp-json\/wp\/v2\/users\/1"}],"replies":[{"embeddable":true,"href":"https:\/\/ukazka-sk.partner.climax.cz\/cs\/wp-json\/wp\/v2\/comments?post=8094"}],"version-history":[{"count":3,"href":"https:\/\/ukazka-sk.partner.climax.cz\/cs\/wp-json\/wp\/v2\/pages\/8094\/revisions"}],"predecessor-version":[{"id":8172,"href":"https:\/\/ukazka-sk.partner.climax.cz\/cs\/wp-json\/wp\/v2\/pages\/8094\/revisions\/8172"}],"wp:attachment":[{"href":"https:\/\/ukazka-sk.partner.climax.cz\/cs\/wp-json\/wp\/v2\/media?parent=8094"}],"curies":[{"name":"wp","href":"https:\/\/api.w.org\/{rel}","templated":true}]}}