{"id":8027,"date":"2025-01-13T14:57:24","date_gmt":"2025-01-13T13:57:24","guid":{"rendered":"https:\/\/ukazka-sk.partner.climax.cz\/?page_id=8027"},"modified":"2025-03-17T10:55:25","modified_gmt":"2025-03-17T09:55:25","slug":"kariera","status":"publish","type":"page","link":"https:\/\/ukazka-sk.partner.climax.cz\/cs\/kariera\/","title":{"rendered":"Kari\u00e9ra"},"content":{"rendered":"\n<div class=\"wp-block-media-text is-stacked-on-mobile\" style=\"grid-template-columns:25% auto\"><figure class=\"wp-block-media-text__media\"><img decoding=\"async\" width=\"1024\" height=\"614\" data-src=\"https:\/\/www.climax.cz\/partner-ukazka\/wp-content\/uploads\/sites\/16\/2025\/03\/lego_installer_wide-1-1024x614.png\" alt=\"\" class=\"wp-image-8129 size-full lazyload\" data-srcset=\"https:\/\/ukazka-sk.partner.climax.cz\/wp-content\/uploads\/sites\/16\/2025\/03\/lego_installer_wide-1-1024x614.png 1024w, https:\/\/ukazka-sk.partner.climax.cz\/wp-content\/uploads\/sites\/16\/2025\/03\/lego_installer_wide-1-300x180.png 300w, https:\/\/ukazka-sk.partner.climax.cz\/wp-content\/uploads\/sites\/16\/2025\/03\/lego_installer_wide-1-768x461.png 768w, https:\/\/ukazka-sk.partner.climax.cz\/wp-content\/uploads\/sites\/16\/2025\/03\/lego_installer_wide-1-667x400.png 667w, https:\/\/ukazka-sk.partner.climax.cz\/wp-content\/uploads\/sites\/16\/2025\/03\/lego_installer_wide-1-924x554.png 924w, https:\/\/ukazka-sk.partner.climax.cz\/wp-content\/uploads\/sites\/16\/2025\/03\/lego_installer_wide-1-450x270.png 450w, https:\/\/ukazka-sk.partner.climax.cz\/wp-content\/uploads\/sites\/16\/2025\/03\/lego_installer_wide-1.png 1100w\" data-sizes=\"(max-width: 1024px) 100vw, 1024px\" src=\"data:image\/svg+xml;base64,PHN2ZyB3aWR0aD0iMSIgaGVpZ2h0PSIxIiB4bWxucz0iaHR0cDovL3d3dy53My5vcmcvMjAwMC9zdmciPjwvc3ZnPg==\" style=\"--smush-placeholder-width: 1024px; --smush-placeholder-aspect-ratio: 1024\/614;\" \/><\/figure><div class=\"wp-block-media-text__content\">\n<h2 class=\"wp-block-heading\" id=\"h-montaznik-garazovych-vrat-zlin\">Mont\u00e1\u017en\u00edk gar\u00e1\u017eov\u00fdch vrat &#8211; ZL\u00cdN<\/h2>\n\n\n\n<div class=\"wp-block-buttons is-layout-flex wp-block-buttons-is-layout-flex\">\n<div class=\"wp-block-button\"><a class=\"wp-block-button__link wp-element-button\" href=\"https:\/\/www.climax.cz\/partner-ukazka\/montaznik-garazovych-vrat-zlin\/\">V\u00edce informac\u00ed<\/a><\/div>\n<\/div>\n<\/div><\/div>\n\n\n\n<div style=\"height:70px\" aria-hidden=\"true\" class=\"wp-block-spacer\"><\/div>\n\n\n\n<div class=\"wp-block-media-text is-stacked-on-mobile\" style=\"grid-template-columns:25% auto\"><figure class=\"wp-block-media-text__media\"><img decoding=\"async\" width=\"1024\" height=\"614\" data-src=\"https:\/\/www.climax.cz\/partner-ukazka\/wp-content\/uploads\/sites\/16\/2025\/03\/lego_sales_rep_wide-1-1024x614.png\" alt=\"\" class=\"wp-image-8130 size-full lazyload\" data-srcset=\"https:\/\/ukazka-sk.partner.climax.cz\/wp-content\/uploads\/sites\/16\/2025\/03\/lego_sales_rep_wide-1-1024x614.png 1024w, https:\/\/ukazka-sk.partner.climax.cz\/wp-content\/uploads\/sites\/16\/2025\/03\/lego_sales_rep_wide-1-300x180.png 300w, https:\/\/ukazka-sk.partner.climax.cz\/wp-content\/uploads\/sites\/16\/2025\/03\/lego_sales_rep_wide-1-768x461.png 768w, https:\/\/ukazka-sk.partner.climax.cz\/wp-content\/uploads\/sites\/16\/2025\/03\/lego_sales_rep_wide-1-667x400.png 667w, https:\/\/ukazka-sk.partner.climax.cz\/wp-content\/uploads\/sites\/16\/2025\/03\/lego_sales_rep_wide-1-924x554.png 924w, https:\/\/ukazka-sk.partner.climax.cz\/wp-content\/uploads\/sites\/16\/2025\/03\/lego_sales_rep_wide-1-450x270.png 450w, https:\/\/ukazka-sk.partner.climax.cz\/wp-content\/uploads\/sites\/16\/2025\/03\/lego_sales_rep_wide-1.png 1100w\" data-sizes=\"(max-width: 1024px) 100vw, 1024px\" src=\"data:image\/svg+xml;base64,PHN2ZyB3aWR0aD0iMSIgaGVpZ2h0PSIxIiB4bWxucz0iaHR0cDovL3d3dy53My5vcmcvMjAwMC9zdmciPjwvc3ZnPg==\" style=\"--smush-placeholder-width: 1024px; --smush-placeholder-aspect-ratio: 1024\/614;\" \/><\/figure><div class=\"wp-block-media-text__content\">\n<h2 class=\"wp-block-heading\" id=\"h-obchodni-zastupce-uherske-hradiste\">Obchodn\u00ed z\u00e1stupce &#8211; UHERSK\u00c9 HRADI\u0160T\u011a<\/h2>\n\n\n\n<div class=\"wp-block-buttons is-layout-flex wp-block-buttons-is-layout-flex\">\n<div class=\"wp-block-button\"><a class=\"wp-block-button__link wp-element-button\" href=\"https:\/\/www.climax.cz\/partner-ukazka\/obchodni-zastupce-uherske-hradiste\/\">V\u00edce informac\u00ed<\/a><\/div>\n<\/div>\n<\/div><\/div>\n\n\n\n<div style=\"height:70px\" aria-hidden=\"true\" class=\"wp-block-spacer\"><\/div>\n\n\n\n<div class=\"wp-block-media-text is-stacked-on-mobile\" style=\"grid-template-columns:25% auto\"><figure class=\"wp-block-media-text__media\"><img decoding=\"async\" width=\"1024\" height=\"614\" data-src=\"https:\/\/www.climax.cz\/partner-ukazka\/wp-content\/uploads\/sites\/16\/2025\/03\/lego_installation_technician_wide-2-1024x614.png\" alt=\"\" class=\"wp-image-8126 size-full lazyload\" data-srcset=\"https:\/\/ukazka-sk.partner.climax.cz\/wp-content\/uploads\/sites\/16\/2025\/03\/lego_installation_technician_wide-2-1024x614.png 1024w, https:\/\/ukazka-sk.partner.climax.cz\/wp-content\/uploads\/sites\/16\/2025\/03\/lego_installation_technician_wide-2-300x180.png 300w, https:\/\/ukazka-sk.partner.climax.cz\/wp-content\/uploads\/sites\/16\/2025\/03\/lego_installation_technician_wide-2-768x461.png 768w, https:\/\/ukazka-sk.partner.climax.cz\/wp-content\/uploads\/sites\/16\/2025\/03\/lego_installation_technician_wide-2-667x400.png 667w, https:\/\/ukazka-sk.partner.climax.cz\/wp-content\/uploads\/sites\/16\/2025\/03\/lego_installation_technician_wide-2-924x554.png 924w, https:\/\/ukazka-sk.partner.climax.cz\/wp-content\/uploads\/sites\/16\/2025\/03\/lego_installation_technician_wide-2-450x270.png 450w, https:\/\/ukazka-sk.partner.climax.cz\/wp-content\/uploads\/sites\/16\/2025\/03\/lego_installation_technician_wide-2.png 1100w\" data-sizes=\"(max-width: 1024px) 100vw, 1024px\" src=\"data:image\/svg+xml;base64,PHN2ZyB3aWR0aD0iMSIgaGVpZ2h0PSIxIiB4bWxucz0iaHR0cDovL3d3dy53My5vcmcvMjAwMC9zdmciPjwvc3ZnPg==\" style=\"--smush-placeholder-width: 1024px; --smush-placeholder-aspect-ratio: 1024\/614;\" \/><\/figure><div class=\"wp-block-media-text__content\">\n<h2 class=\"wp-block-heading\" id=\"h-montazni-technik-zlin\">Mont\u00e1\u017en\u00ed technik &#8211; ZL\u00cdN<\/h2>\n\n\n\n<div class=\"wp-block-buttons is-layout-flex wp-block-buttons-is-layout-flex\">\n<div class=\"wp-block-button\"><a class=\"wp-block-button__link wp-element-button\" href=\"https:\/\/www.climax.cz\/partner-ukazka\/montazni-technik-zlin\/\">V\u00edce informac\u00ed<\/a><\/div>\n<\/div>\n<\/div><\/div>\n\n\n\n<div style=\"height:70px\" aria-hidden=\"true\" class=\"wp-block-spacer\"><\/div>\n\n\n\n<div class=\"wp-block-media-text is-stacked-on-mobile\" style=\"grid-template-columns:25% auto\"><figure class=\"wp-block-media-text__media\"><img decoding=\"async\" width=\"1024\" height=\"614\" data-src=\"https:\/\/www.climax.cz\/partner-ukazka\/wp-content\/uploads\/sites\/16\/2025\/03\/lego_installation_technician_wide-2-1024x614.png\" alt=\"\" class=\"wp-image-8126 size-full lazyload\" data-srcset=\"https:\/\/ukazka-sk.partner.climax.cz\/wp-content\/uploads\/sites\/16\/2025\/03\/lego_installation_technician_wide-2-1024x614.png 1024w, https:\/\/ukazka-sk.partner.climax.cz\/wp-content\/uploads\/sites\/16\/2025\/03\/lego_installation_technician_wide-2-300x180.png 300w, https:\/\/ukazka-sk.partner.climax.cz\/wp-content\/uploads\/sites\/16\/2025\/03\/lego_installation_technician_wide-2-768x461.png 768w, https:\/\/ukazka-sk.partner.climax.cz\/wp-content\/uploads\/sites\/16\/2025\/03\/lego_installation_technician_wide-2-667x400.png 667w, https:\/\/ukazka-sk.partner.climax.cz\/wp-content\/uploads\/sites\/16\/2025\/03\/lego_installation_technician_wide-2-924x554.png 924w, https:\/\/ukazka-sk.partner.climax.cz\/wp-content\/uploads\/sites\/16\/2025\/03\/lego_installation_technician_wide-2-450x270.png 450w, https:\/\/ukazka-sk.partner.climax.cz\/wp-content\/uploads\/sites\/16\/2025\/03\/lego_installation_technician_wide-2.png 1100w\" data-sizes=\"(max-width: 1024px) 100vw, 1024px\" src=\"data:image\/svg+xml;base64,PHN2ZyB3aWR0aD0iMSIgaGVpZ2h0PSIxIiB4bWxucz0iaHR0cDovL3d3dy53My5vcmcvMjAwMC9zdmciPjwvc3ZnPg==\" style=\"--smush-placeholder-width: 1024px; --smush-placeholder-aspect-ratio: 1024\/614;\" \/><\/figure><div class=\"wp-block-media-text__content\">\n<h2 class=\"wp-block-heading\" id=\"h-montazni-technik-praha\">Mont\u00e1\u017en\u00ed technik &#8211; PRAHA<\/h2>\n\n\n\n<div class=\"wp-block-buttons is-layout-flex wp-block-buttons-is-layout-flex\">\n<div class=\"wp-block-button\"><a class=\"wp-block-button__link wp-element-button\" href=\"https:\/\/www.climax.cz\/partner-ukazka\/montazni-technik-praha\/\">V\u00edce informac\u00ed<\/a><\/div>\n<\/div>\n<\/div><\/div>\n\n\n\n<div style=\"height:70px\" aria-hidden=\"true\" class=\"wp-block-spacer\"><\/div>\n\n\n\n<div class=\"wp-block-media-text is-stacked-on-mobile\" style=\"grid-template-columns:25% auto\"><figure class=\"wp-block-media-text__media\"><img decoding=\"async\" width=\"1024\" height=\"614\" data-src=\"https:\/\/www.climax.cz\/partner-ukazka\/wp-content\/uploads\/sites\/16\/2025\/03\/lego_installation_technician_wide-2-1024x614.png\" alt=\"\" class=\"wp-image-8126 size-full lazyload\" data-srcset=\"https:\/\/ukazka-sk.partner.climax.cz\/wp-content\/uploads\/sites\/16\/2025\/03\/lego_installation_technician_wide-2-1024x614.png 1024w, https:\/\/ukazka-sk.partner.climax.cz\/wp-content\/uploads\/sites\/16\/2025\/03\/lego_installation_technician_wide-2-300x180.png 300w, https:\/\/ukazka-sk.partner.climax.cz\/wp-content\/uploads\/sites\/16\/2025\/03\/lego_installation_technician_wide-2-768x461.png 768w, https:\/\/ukazka-sk.partner.climax.cz\/wp-content\/uploads\/sites\/16\/2025\/03\/lego_installation_technician_wide-2-667x400.png 667w, https:\/\/ukazka-sk.partner.climax.cz\/wp-content\/uploads\/sites\/16\/2025\/03\/lego_installation_technician_wide-2-924x554.png 924w, https:\/\/ukazka-sk.partner.climax.cz\/wp-content\/uploads\/sites\/16\/2025\/03\/lego_installation_technician_wide-2-450x270.png 450w, https:\/\/ukazka-sk.partner.climax.cz\/wp-content\/uploads\/sites\/16\/2025\/03\/lego_installation_technician_wide-2.png 1100w\" data-sizes=\"(max-width: 1024px) 100vw, 1024px\" src=\"data:image\/svg+xml;base64,PHN2ZyB3aWR0aD0iMSIgaGVpZ2h0PSIxIiB4bWxucz0iaHR0cDovL3d3dy53My5vcmcvMjAwMC9zdmciPjwvc3ZnPg==\" style=\"--smush-placeholder-width: 1024px; --smush-placeholder-aspect-ratio: 1024\/614;\" \/><\/figure><div class=\"wp-block-media-text__content\">\n<h2 class=\"wp-block-heading\" id=\"h-montazni-technik-uherske-hradiste\">Mont\u00e1\u017en\u00ed technik &#8211; UHERSK\u00c9 HRADI\u0160T\u011a<\/h2>\n\n\n\n<div class=\"wp-block-buttons is-layout-flex wp-block-buttons-is-layout-flex\">\n<div class=\"wp-block-button\"><a class=\"wp-block-button__link wp-element-button\" href=\"https:\/\/www.climax.cz\/partner-ukazka\/montazni-technik-uherske-hradiste\/\">V\u00edce informac\u00ed<\/a><\/div>\n<\/div>\n<\/div><\/div>\n","protected":false},"excerpt":{"rendered":"","protected":false},"author":5,"featured_media":0,"parent":0,"menu_order":0,"comment_status":"closed","ping_status":"closed","template":"","meta":{"_acf_changed":false,"inline_featured_image":false,"footnotes":""},"class_list":["post-8027","page","type-page","status-publish","hentry"],"acf":[],"yoast_head":"<!-- This site is optimized with the Yoast SEO Premium plugin v25.8 (Yoast SEO v27.2) - https:\/\/yoast.com\/product\/yoast-seo-premium-wordpress\/ -->\n<title>Kari\u00e9ra - SK Partnersk\u00fd web - uk\u00e1zka<\/title>\n<meta name=\"robots\" content=\"noindex, follow, max-snippet:-1, max-image-preview:large, max-video-preview:-1\" \/>\n<meta property=\"og:locale\" content=\"cs_CZ\" \/>\n<meta property=\"og:type\" content=\"article\" \/>\n<meta property=\"og:title\" content=\"Kari\u00e9ra\" \/>\n<meta property=\"og:url\" content=\"https:\/\/ukazka-sk.partner.climax.cz\/cs\/kariera\/\" \/>\n<meta property=\"og:site_name\" content=\"SK Partnersk\u00fd web - uk\u00e1zka\" \/>\n<meta property=\"article:modified_time\" content=\"2025-03-17T09:55:25+00:00\" \/>\n<meta property=\"og:image\" content=\"https:\/\/www.climax.cz\/partner-ukazka\/wp-content\/uploads\/sites\/16\/2025\/03\/lego_installer_wide-1-1024x614.png\" \/>\n<meta name=\"twitter:card\" content=\"summary_large_image\" \/>\n<meta name=\"twitter:label1\" content=\"Odhadovan\u00e1 doba \u010dten\u00ed\" \/>\n\t<meta name=\"twitter:data1\" content=\"2 minuty\" \/>\n<script type=\"application\/ld+json\" class=\"yoast-schema-graph\">{\"@context\":\"https:\/\/schema.org\",\"@graph\":[{\"@type\":\"WebPage\",\"@id\":\"https:\/\/ukazka-sk.partner.climax.cz\/cs\/kariera\/\",\"url\":\"https:\/\/ukazka-sk.partner.climax.cz\/cs\/kariera\/\",\"name\":\"Kari\u00e9ra - SK Partnersk\u00fd web - uk\u00e1zka\",\"isPartOf\":{\"@id\":\"https:\/\/ukazka-sk.partner.climax.cz\/cs\/#website\"},\"primaryImageOfPage\":{\"@id\":\"https:\/\/ukazka-sk.partner.climax.cz\/cs\/kariera\/#primaryimage\"},\"image\":{\"@id\":\"https:\/\/ukazka-sk.partner.climax.cz\/cs\/kariera\/#primaryimage\"},\"thumbnailUrl\":\"https:\/\/www.climax.cz\/partner-ukazka\/wp-content\/uploads\/sites\/16\/2025\/03\/lego_installer_wide-1-1024x614.png\",\"datePublished\":\"2025-01-13T13:57:24+00:00\",\"dateModified\":\"2025-03-17T09:55:25+00:00\",\"breadcrumb\":{\"@id\":\"https:\/\/ukazka-sk.partner.climax.cz\/cs\/kariera\/#breadcrumb\"},\"inLanguage\":\"cs\",\"potentialAction\":[{\"@type\":\"ReadAction\",\"target\":[\"https:\/\/ukazka-sk.partner.climax.cz\/cs\/kariera\/\"]}]},{\"@type\":\"ImageObject\",\"inLanguage\":\"cs\",\"@id\":\"https:\/\/ukazka-sk.partner.climax.cz\/cs\/kariera\/#primaryimage\",\"url\":\"https:\/\/www.climax.cz\/partner-ukazka\/wp-content\/uploads\/sites\/16\/2025\/03\/lego_installer_wide-1-1024x614.png\",\"contentUrl\":\"https:\/\/www.climax.cz\/partner-ukazka\/wp-content\/uploads\/sites\/16\/2025\/03\/lego_installer_wide-1-1024x614.png\"},{\"@type\":\"BreadcrumbList\",\"@id\":\"https:\/\/ukazka-sk.partner.climax.cz\/cs\/kariera\/#breadcrumb\",\"itemListElement\":[{\"@type\":\"ListItem\",\"position\":1,\"name\":\"Dom\u016f\",\"item\":\"https:\/\/ukazka-sk.partner.climax.cz\/cs\/\"},{\"@type\":\"ListItem\",\"position\":2,\"name\":\"Kari\u00e9ra\"}]},{\"@type\":\"WebSite\",\"@id\":\"https:\/\/ukazka-sk.partner.climax.cz\/cs\/#website\",\"url\":\"https:\/\/ukazka-sk.partner.climax.cz\/cs\/\",\"name\":\"SK Partnersk\u00fd web - uk\u00e1zka\",\"description\":\"\",\"potentialAction\":[{\"@type\":\"SearchAction\",\"target\":{\"@type\":\"EntryPoint\",\"urlTemplate\":\"https:\/\/ukazka-sk.partner.climax.cz\/cs\/?s={search_term_string}\"},\"query-input\":{\"@type\":\"PropertyValueSpecification\",\"valueRequired\":true,\"valueName\":\"search_term_string\"}}],\"inLanguage\":\"cs\"}]}<\/script>\n<!-- \/ Yoast SEO Premium plugin. -->","yoast_head_json":{"title":"Kari\u00e9ra - SK Partnersk\u00fd web - uk\u00e1zka","robots":{"index":"noindex","follow":"follow","max-snippet":"max-snippet:-1","max-image-preview":"max-image-preview:large","max-video-preview":"max-video-preview:-1"},"og_locale":"cs_CZ","og_type":"article","og_title":"Kari\u00e9ra","og_url":"https:\/\/ukazka-sk.partner.climax.cz\/cs\/kariera\/","og_site_name":"SK Partnersk\u00fd web - uk\u00e1zka","article_modified_time":"2025-03-17T09:55:25+00:00","og_image":[{"url":"https:\/\/www.climax.cz\/partner-ukazka\/wp-content\/uploads\/sites\/16\/2025\/03\/lego_installer_wide-1-1024x614.png","type":"","width":"","height":""}],"twitter_card":"summary_large_image","twitter_misc":{"Odhadovan\u00e1 doba \u010dten\u00ed":"2 minuty"},"schema":{"@context":"https:\/\/schema.org","@graph":[{"@type":"WebPage","@id":"https:\/\/ukazka-sk.partner.climax.cz\/cs\/kariera\/","url":"https:\/\/ukazka-sk.partner.climax.cz\/cs\/kariera\/","name":"Kari\u00e9ra - SK Partnersk\u00fd web - uk\u00e1zka","isPartOf":{"@id":"https:\/\/ukazka-sk.partner.climax.cz\/cs\/#website"},"primaryImageOfPage":{"@id":"https:\/\/ukazka-sk.partner.climax.cz\/cs\/kariera\/#primaryimage"},"image":{"@id":"https:\/\/ukazka-sk.partner.climax.cz\/cs\/kariera\/#primaryimage"},"thumbnailUrl":"https:\/\/www.climax.cz\/partner-ukazka\/wp-content\/uploads\/sites\/16\/2025\/03\/lego_installer_wide-1-1024x614.png","datePublished":"2025-01-13T13:57:24+00:00","dateModified":"2025-03-17T09:55:25+00:00","breadcrumb":{"@id":"https:\/\/ukazka-sk.partner.climax.cz\/cs\/kariera\/#breadcrumb"},"inLanguage":"cs","potentialAction":[{"@type":"ReadAction","target":["https:\/\/ukazka-sk.partner.climax.cz\/cs\/kariera\/"]}]},{"@type":"ImageObject","inLanguage":"cs","@id":"https:\/\/ukazka-sk.partner.climax.cz\/cs\/kariera\/#primaryimage","url":"https:\/\/www.climax.cz\/partner-ukazka\/wp-content\/uploads\/sites\/16\/2025\/03\/lego_installer_wide-1-1024x614.png","contentUrl":"https:\/\/www.climax.cz\/partner-ukazka\/wp-content\/uploads\/sites\/16\/2025\/03\/lego_installer_wide-1-1024x614.png"},{"@type":"BreadcrumbList","@id":"https:\/\/ukazka-sk.partner.climax.cz\/cs\/kariera\/#breadcrumb","itemListElement":[{"@type":"ListItem","position":1,"name":"Dom\u016f","item":"https:\/\/ukazka-sk.partner.climax.cz\/cs\/"},{"@type":"ListItem","position":2,"name":"Kari\u00e9ra"}]},{"@type":"WebSite","@id":"https:\/\/ukazka-sk.partner.climax.cz\/cs\/#website","url":"https:\/\/ukazka-sk.partner.climax.cz\/cs\/","name":"SK Partnersk\u00fd web - uk\u00e1zka","description":"","potentialAction":[{"@type":"SearchAction","target":{"@type":"EntryPoint","urlTemplate":"https:\/\/ukazka-sk.partner.climax.cz\/cs\/?s={search_term_string}"},"query-input":{"@type":"PropertyValueSpecification","valueRequired":true,"valueName":"search_term_string"}}],"inLanguage":"cs"}]}},"_links":{"self":[{"href":"https:\/\/ukazka-sk.partner.climax.cz\/cs\/wp-json\/wp\/v2\/pages\/8027","targetHints":{"allow":["GET"]}}],"collection":[{"href":"https:\/\/ukazka-sk.partner.climax.cz\/cs\/wp-json\/wp\/v2\/pages"}],"about":[{"href":"https:\/\/ukazka-sk.partner.climax.cz\/cs\/wp-json\/wp\/v2\/types\/page"}],"author":[{"embeddable":true,"href":"https:\/\/ukazka-sk.partner.climax.cz\/cs\/wp-json\/wp\/v2\/users\/5"}],"replies":[{"embeddable":true,"href":"https:\/\/ukazka-sk.partner.climax.cz\/cs\/wp-json\/wp\/v2\/comments?post=8027"}],"version-history":[{"count":19,"href":"https:\/\/ukazka-sk.partner.climax.cz\/cs\/wp-json\/wp\/v2\/pages\/8027\/revisions"}],"predecessor-version":[{"id":8145,"href":"https:\/\/ukazka-sk.partner.climax.cz\/cs\/wp-json\/wp\/v2\/pages\/8027\/revisions\/8145"}],"wp:attachment":[{"href":"https:\/\/ukazka-sk.partner.climax.cz\/cs\/wp-json\/wp\/v2\/media?parent=8027"}],"curies":[{"name":"wp","href":"https:\/\/api.w.org\/{rel}","templated":true}]}}