{"id":2,"date":"2024-09-24T18:42:17","date_gmt":"2024-09-24T16:42:17","guid":{"rendered":"https:\/\/ukazka-sk.partner.climax.cz\/?page_id=2"},"modified":"2025-03-17T11:01:19","modified_gmt":"2025-03-17T10:01:19","slug":"automatizace-domacnosti","status":"publish","type":"page","link":"https:\/\/ukazka-sk.partner.climax.cz\/cs\/automatizace-domacnosti\/","title":{"rendered":"Chytr\u00e1 dom\u00e1cnost"},"content":{"rendered":"\r\n<figure class=\"wp-block-image is-resized\"><img decoding=\"async\" data-src=\"https:\/\/www.montiva.cz\/files\/files\/somfy\/1525265673_somfy-logo.jpg\" alt=\"CHYTR\u00c1 DOM\u00c1CNOST | montiva s.r.o.\" style=\"width:480px\" src=\"data:image\/svg+xml;base64,PHN2ZyB3aWR0aD0iMSIgaGVpZ2h0PSIxIiB4bWxucz0iaHR0cDovL3d3dy53My5vcmcvMjAwMC9zdmciPjwvc3ZnPg==\" class=\"lazyload\" \/><\/figure>\r\n\r\n\r\n\r\n<h1 class=\"wp-block-heading\" id=\"h-chytra-domacnost-na-dosah-ruky\">CHYTR\u00c1 DOM\u00c1CNOST NA DOSAH RUKY<\/h1>\r\n\r\n\r\n\r\n<p>Nechte se okouzlit dom\u00e1cnost\u00ed, kterou budete snadno ovl\u00e1dat sv\u00fdm chytr\u00fdm telefonem a s\u00e9ri\u00ed p\u0159edem nastaven\u00fdch &#8222;sc\u00e9n\u00e1\u0159\u016f&#8220;.&nbsp;<strong>Zaru\u010den\u011b v\u00e1s nadchne pohodl\u00edm, bezpe\u010d\u00edm a \u00fasporami,<\/strong>&nbsp;kter\u00e9 s sebou nese efektivn\u00ed pr\u00e1ce s jednotliv\u00fdmi prvky va\u0161eho bydlen\u00ed.&nbsp;<\/p>\r\n\r\n\r\n\r\n<p>P\u0159edstavujeme v\u00e1m syst\u00e9m&nbsp;<a href=\"https:\/\/www.somfy.cz\/products\/1870595\/tahoma-switch\">TaHoma\u00ae&nbsp;switch<\/a>&nbsp;,kter\u00fd vyr\u00e1b\u00ed na\u0161e partnersk\u00e1 spole\u010dnost&nbsp;<a href=\"https:\/\/www.somfy.cz\/\">Somfy<\/a>.<\/p>\r\n\r\n\r\n\r\n<figure class=\"wp-block-image\"><img decoding=\"async\" data-src=\"https:\/\/www.montiva.cz\/files\/files\/1_%20Somfy%20dome%C4%8Dek%20vy%C5%A1%C5%A1%C3%AD%20rozli%C5%A1en%C3%AD%20CZ.jpg\" alt=\"CHYTR\u00c1 DOM\u00c1CNOST | montiva s.r.o.\" title=\"chytr\u00e1 dom\u00e1cnost\" src=\"data:image\/svg+xml;base64,PHN2ZyB3aWR0aD0iMSIgaGVpZ2h0PSIxIiB4bWxucz0iaHR0cDovL3d3dy53My5vcmcvMjAwMC9zdmciPjwvc3ZnPg==\" class=\"lazyload\" \/><\/figure>\r\n\r\n\r\n\r\n<p><em>Pohodl\u00ed, bezpe\u010d\u00ed a \u00faspora energi\u00ed doslova pod palcem.<\/em><\/p>\r\n\r\n\r\n\r\n<h2 class=\"wp-block-heading\" id=\"h-jak-automatizace-domacnosti-funguje\">Jak automatizace dom\u00e1cnosti funguje?<\/h2>\r\n\r\n\r\n\r\n<p>V automatizovan\u00e9 dom\u00e1cnosti snadno ovl\u00e1d\u00e1te nejen&nbsp;<a href=\"https:\/\/www.montiva.cz\/venkovni-zaluzie\">\u017ealuzie v cel\u00e9m dom\u011b,<\/a>&nbsp;ale i&nbsp;<a href=\"https:\/\/www.montiva.cz\/venkovni-rolety\">rolety<\/a>,&nbsp;<a href=\"https:\/\/www.montiva.cz\/markyzy\">mark\u00fdzy,<\/a>&nbsp;<strong>vjezdov\u00e9 br\u00e1ny, gar\u00e1\u017eov\u00e1 vrata, bezpe\u010dnostn\u00ed syst\u00e9m, osv\u011btlen\u00ed i topen\u00ed domu<\/strong>. V\u0161echna za\u0159\u00edzen\u00ed jsou napojen\u00e1 na syst\u00e9m automatizace&nbsp;<a href=\"https:\/\/www.somfy.cz\/products\/1870595\/tahoma-switch\">TaHoma\u00ae switch<\/a>. Sv\u016fj domov tak budete m\u00edt v\u017edy pod palcem. T\u011b\u0161it se m\u016f\u017eete na pohodl\u00ed, ale i v\u011bt\u0161\u00ed bezpe\u010d\u00ed a \u00faspory na energi\u00edch.<\/p>\r\n\r\n\r\n\r\n<p>D\u00edky p\u0159edem nastaven\u00fdm sc\u00e9n\u00e1\u0159\u016fm tak nemus\u00edte ka\u017ed\u00e9 r\u00e1no vytahovat jednotliv\u00e9 \u017ealuzie a rolety a ve\u010der je zase zatahovat p\u0159ed zraky zven\u010d\u00ed. V\u0161e se bude ovl\u00e1dat automaticky samo. Nebo kdy\u017e p\u0159ij\u00ed\u017ed\u00edte dom\u016f, otev\u0159e se p\u0159ed v\u00e1mi vjezdov\u00e1 br\u00e1na, gar\u00e1\u017eov\u00e1 vrata, odk\u00f3duje se alarm a rozsv\u00edt\u00ed se sv\u011btlo na chodb\u011b. Z\u00e1rove\u0148 se zat\u00e1hne st\u00edn\u011bn\u00ed pro va\u0161e maxim\u00e1ln\u00ed soukrom\u00ed. V\u011btrn\u00e1 \u010didla zase chr\u00e1n\u00ed va\u0161i mark\u00fdzu p\u0159ed n\u00e1pory v\u011btru, slune\u010dn\u00ed \u010didlo ovl\u00e1d\u00e1 st\u00edn\u011bn\u00ed\u2026<\/p>\r\n\r\n\r\n\r\n<h2 class=\"wp-block-heading\" id=\"h-system-tahoma-switch\">Syst\u00e9m TaHoma\u00ae switch<\/h2>\r\n\r\n\r\n\r\n<figure class=\"wp-block-image is-resized\"><img decoding=\"async\" src=\"https:\/\/www.montiva.cz\/files\/files\/TaHoma%20switch%20(6)-2.jpg\" alt=\"CHYTR\u00c1 DOM\u00c1CNOST | montiva s.r.o.\" style=\"width:320px\" title=\"Syst\u00e9m automatizace\" \/><\/figure>\r\n\r\n\r\n\r\n<p><a href=\"https:\/\/www.somfy.cz\/products\/1870595\/tahoma-switch\">TaHoma\u00ae switch<\/a>&nbsp;je komplexn\u00ed syst\u00e9m automatizace dom\u00e1cnosti. TaHoma\u00ae switch je inteligentn\u00ed ovl\u00e1dac\u00ed prvek s dv\u011bma individu\u00e1ln\u011b nastaviteln\u00fdmi tla\u010d\u00edtky pro spou\u0161t\u011bn\u00ed sc\u00e9n\u00e1\u0159\u016f, kter\u00fdm m\u016f\u017eete ovl\u00e1dat v\u0161echna za\u0159\u00edzen\u00ed v dom\u00e1cnosti.<\/p>\r\n\r\n\r\n\r\n<p>P\u0159izp\u016fsobte si ka\u017ed\u00e9 tla\u010d\u00edtko a vytv\u00e1\u0159ejte sc\u00e9n\u00e1\u0159e, kter\u00e9 vyhovuj\u00ed va\u0161im ka\u017edodenn\u00edm pot\u0159eb\u00e1m. Dal\u0161\u00ed sc\u00e9n\u00e1\u0159e a mo\u017enosti snadno zvol\u00edte a nastav\u00edte pomoc\u00ed mobiln\u00ed aplikace TaHoma.<\/p>\r\n\r\n\r\n\r\n<p>Nap\u0159\u00edklad p\u0159i va\u0161em odchodu stisknete tla\u010d\u00edtko na za\u0159\u00edzen\u00ed a automaticky se otev\u0159e vjezdov\u00e1 br\u00e1na a gar\u00e1\u017eov\u00e1 vrata, zapne se alarm, vypne ve\u0161ker\u00e9 osv\u011btlen\u00ed v dom\u011b a st\u00edn\u011bn\u00ed se nastav\u00ed do po\u017eadovan\u00e9 pozice. Za v\u00e1mi se zase br\u00e1na a vrata bezpe\u010dn\u011b zav\u0159ou.<\/p>\r\n\r\n\r\n\r\n<p><a href=\"https:\/\/www.somfy.cz\/products\/1870595\/tahoma-switch\">Zjist\u011bte o syst\u00e9mu TaHoma\u00ae switch v\u00edce<\/a>, nebo<a href=\"https:\/\/www.montiva.cz\/kontakt\">&nbsp;n\u00e1s rovnou kontaktujte.<\/a><\/p>\r\n\r\n\r\n\r\n<h2 class=\"wp-block-heading\" id=\"h-bezpecna-domacnost-nbsp\">Bezpe\u010dn\u00e1 dom\u00e1cnost&nbsp;<\/h2>\r\n\r\n\r\n\r\n<p><img decoding=\"async\" data-src=\"https:\/\/www.montiva.cz\/files\/files\/somfy\/Somfy%20One+-3.jpg\" alt=\"CHYTR\u00c1 DOM\u00c1CNOST | montiva s.r.o.\" width=\"250\" height=\"297\" src=\"data:image\/svg+xml;base64,PHN2ZyB3aWR0aD0iMSIgaGVpZ2h0PSIxIiB4bWxucz0iaHR0cDovL3d3dy53My5vcmcvMjAwMC9zdmciPjwvc3ZnPg==\" class=\"lazyload\" style=\"--smush-placeholder-width: 250px; --smush-placeholder-aspect-ratio: 250\/297;\">Z\u00edskejte je\u0161t\u011b v\u00edce bezpe\u010d\u00ed! Objevte zabezpe\u010dovac\u00ed&nbsp;<a href=\"https:\/\/www.somfy.cz\/products\/1870388\/somfy-one\">syst\u00e9m Somfy ONE+<\/a>. Syst\u00e9m v\u00e1s p\u0159ekvap\u00ed nejen perfektn\u00ed kamerou, ale i integrovan\u00fdm pohybov\u00fdm senzorem a sir\u00e9nou. Nav\u00edc si d\u00edky spojen\u00ed anal\u00fdzy obrazu a infra\u010derven\u00e9ho sn\u00edm\u00e1n\u00ed syst\u00e9m Somfy ONE+&nbsp;<strong>dok\u00e1\u017ee definovat z\u00f3ny, kter\u00e9 byste r\u00e1di deaktivovali<\/strong>&nbsp;(z\u00e1v\u011bs nebo z\u00e1clona, oblast za oknem atd.).<\/p>\r\n\r\n\r\n\r\n<p>Jedn\u00e1 se o pohodln\u00e9, a p\u0159itom dokonal\u00e9 zabezpe\u010den\u00ed va\u0161\u00ed dom\u00e1cnosti, kter\u00e9 umo\u017e\u0148uje si v\u0161e individu\u00e1ln\u011b p\u0159izp\u016fsobit.<\/p>\r\n\r\n\r\n\r\n<p><img decoding=\"async\" data-src=\"https:\/\/www.montiva.cz\/files\/files\/somfy\/Venkovn%C3%AD%20kamera%20b%C3%ADl%C3%A1-2.jpg\" alt=\"CHYTR\u00c1 DOM\u00c1CNOST | montiva s.r.o.\" width=\"250\" height=\"270\" src=\"data:image\/svg+xml;base64,PHN2ZyB3aWR0aD0iMSIgaGVpZ2h0PSIxIiB4bWxucz0iaHR0cDovL3d3dy53My5vcmcvMjAwMC9zdmciPjwvc3ZnPg==\" class=\"lazyload\" style=\"--smush-placeholder-width: 250px; --smush-placeholder-aspect-ratio: 250\/270;\"><a href=\"https:\/\/www.somfy.cz\/products\/1870396\/somfy-venkovni-kamera\">Bezpe\u010dnost okol\u00ed va\u0161eho domu zajist\u00ed venkovn\u00ed kamera Somfy.<\/a>&nbsp;Venkovn\u00ed kamera m\u00e1 v sob\u011b zabudovanou pokro\u010dilou technologii, kdy jednodu\u0161e zvol\u00edte aktivn\u00ed a neaktivn\u00ed z\u00f3ny. Zamez\u00edte nap\u0159\u00edklad tomu, \u017ee bude zaznamen\u00e1v\u00e1n pohyb na zahrad\u011b va\u0161eho souseda.<\/p>\r\n\r\n\r\n\r\n<p>Nechcete m\u00edt z n\u011bjak\u00e9ho d\u016fvodu doma kameru?&nbsp;<strong>Po\u0159i\u010fte si Home Alarm<\/strong>! Zabezpe\u010dovac\u00ed prvky lze libovoln\u011b kombinovat a dopl\u0148ovat a propojovat se svou chytrou dom\u00e1cnost\u00ed. Nap\u0159\u00edklad ke kame\u0159e m\u016f\u017eete po\u0159\u00eddit t\u0159eba interi\u00e9rov\u00e9 pohybov\u00e9 \u010didlo, okenn\u00ed\/dve\u0159n\u00ed \u010didlo IntelliTAG nebo sir\u00e9nu.<\/p>\r\n\r\n\r\n\r\n<h2 class=\"wp-block-heading\" id=\"h-chytre-osvetleni-nbsp\">Chytr\u00e9 osv\u011btlen\u00ed&nbsp;<\/h2>\r\n\r\n\r\n\r\n<p>Ovl\u00e1dejte osv\u011btlen\u00ed dotykem na boxu&nbsp;<a href=\"https:\/\/www.somfy.cz\/products\/1870595\/tahoma-switch\">TaHoma\u00ae switch<\/a>, na smartphonu nebo hlasov\u00fdm asistentem!&nbsp;<strong>M\u016f\u017eete si rozsv\u00edtit na p\u0159\u00edjezdov\u00e9 cest\u011b p\u0159i n\u00e1vratu z pr\u00e1ce, simulovat p\u0159\u00edtomnost v dom\u011b pro p\u0159\u00edpadn\u00e9 zlod\u011bje nebo jedin\u00fdm kliknut\u00edm vykouzlit p\u0159\u00edjemn\u00e9 prost\u0159ed\u00ed na va\u0161\u00ed terase<\/strong>. M\u016f\u017eete tak\u00e9 nastavit sv\u00e9 inteligentn\u00ed osv\u011btlen\u00ed, aby se vyp\u00ednalo nebo zap\u00ednalo ve stanoven\u00fdch \u010dasech nebo podle \u010didel.<\/p>\r\n\r\n\r\n\r\n<figure class=\"wp-block-image is-resized\"><img decoding=\"async\" data-src=\"https:\/\/www.montiva.cz\/files\/files\/somfy\/Signify-Philips-Hue-12210-16x9-Awareness-Image-Ad-LivingRoom-Split-View-2.jpg\" alt=\"CHYTR\u00c1 DOM\u00c1CNOST | montiva s.r.o.\" style=\"width:520px\" src=\"data:image\/svg+xml;base64,PHN2ZyB3aWR0aD0iMSIgaGVpZ2h0PSIxIiB4bWxucz0iaHR0cDovL3d3dy53My5vcmcvMjAwMC9zdmciPjwvc3ZnPg==\" class=\"lazyload\" \/><\/figure>\r\n\r\n\r\n\r\n<p>K vytvo\u0159en\u00ed ide\u00e1ln\u00ed atmosf\u00e9ry ve va\u0161\u00ed dom\u00e1cnosti v\u00e1m pomohou chytr\u00e9 mikromoduly&nbsp;<a href=\"https:\/\/www.somfy.cz\/products\/1822650\/mikromodul-izymo-on-off-receiver-io\">Izymo ON\/OFF<\/a>, kter\u00e9 prom\u011bn\u00ed va\u0161e b\u011b\u017en\u00e9 osv\u011btlen\u00ed v chytr\u00e9. Do syst\u00e9mu TaHoma\u00ae swich&nbsp;<strong>m\u016f\u017eete tak\u00e9 propojit inteligentn\u00ed \u017e\u00e1rovky, LED p\u00e1sky, vybran\u00e1 osv\u011btlen\u00ed od Philips Hue, lampy a dal\u0161\u00ed sady inteligentn\u00edho osv\u011btlen\u00ed<\/strong>. V\u0161e tak m\u016f\u017eete p\u0159idat do sc\u00e9n\u00e1\u0159\u016f nebo ovl\u00e1dat odkudkoliv. Pro ve\u010dern\u00ed sledov\u00e1n\u00ed filmu tak nemus\u00edte vst\u00e1vat z gau\u010de. Jedn\u00edm stisknut\u00edm na sv\u00e9m mobiln\u00edm telefonu si zat\u00e1hnete \u017ealuzie a rolety a navol\u00edte to prav\u00e9 osv\u011btlen\u00ed pro ve\u010dern\u00ed atmosf\u00e9ru.<\/p>\r\n\r\n\r\n\r\n<h2 class=\"wp-block-heading\" id=\"h-chytre-topeni-nbsp\">Chytr\u00e9 topen\u00ed&nbsp;<\/h2>\r\n\r\n\r\n\r\n<figure class=\"wp-block-image is-resized\"><img decoding=\"async\" data-src=\"https:\/\/www.montiva.cz\/files\/files\/Termostat%20s%20aplikac%C3%AD.png\" alt=\"CHYTR\u00c1 DOM\u00c1CNOST | montiva s.r.o.\" style=\"width:317px\" title=\"Termostat\" src=\"data:image\/svg+xml;base64,PHN2ZyB3aWR0aD0iMSIgaGVpZ2h0PSIxIiB4bWxucz0iaHR0cDovL3d3dy53My5vcmcvMjAwMC9zdmciPjwvc3ZnPg==\" class=\"lazyload\" \/><\/figure>\r\n\r\n\r\n\r\n<p>Chytr\u00e9 \u0159e\u0161en\u00ed vyt\u00e1p\u011bn\u00ed optimalizuje v\u00fddaje za energie ve va\u0161\u00ed dom\u00e1cnosti.&nbsp;<strong>Ovl\u00e1dejte teplotu v ka\u017ed\u00e9 m\u00edstnosti jednotliv\u011b, automaticky i na d\u00e1lku<\/strong>. D\u00edky termostatick\u00fdm hlavic\u00edm od Somfy a&nbsp;<a href=\"https:\/\/www.somfy.cz\/products\/1870446\/somfy-termostat-dratovy\">Somfy Termostatu<\/a>&nbsp;si hrav\u011b nastav\u00edte, jak\u00e1 teplota se m\u00e1 udr\u017eovat v lo\u017enici a kter\u00e1 v kuchyni. Kdy\u017e nejste doma, topen\u00ed se m\u016f\u017ee vypnout a spustit a\u017e p\u0159ed va\u0161\u00edm p\u0159\u00edchodem, abyste se vraceli do p\u0159\u00edjemn\u011b vytopen\u00e9ho interi\u00e9ru. M\u016f\u017eete tak u\u0161et\u0159it. P\u0159ipojen\u00edm termostatu k chytr\u00fdm rolet\u00e1m sni\u017eujete spot\u0159ebu energi\u00ed bez n\u00e1mahy. S TaHoma\u00ae switch m\u016f\u017eete vytvo\u0159it sc\u00e9n\u00e1\u0159, kter\u00fd kombinuje p\u0159ipojen\u00fd termostat, slune\u010dn\u00ed \u010didlo a&nbsp;<a href=\"https:\/\/www.montiva.cz\/venkovni-rolety\">rolety<\/a>, a spustit jej jednoduch\u00fdm dotykem.<\/p>\r\n\r\n\r\n\r\n<h3 class=\"wp-block-heading\" id=\"h-ptejte-se\">Ptejte se!<\/h3>\r\n\r\n\r\n\r\n<p>Zaj\u00edm\u00e1 v\u00e1s v\u00edc?&nbsp;<a href=\"https:\/\/www.montiva.cz\/kontakt\">Porad\u00edme v\u00e1m<\/a>! A\u0165 v\u00e1s zaj\u00edmaj\u00ed konkr\u00e9tn\u00ed syst\u00e9my nebo se jen chcete informovat, jak m\u016f\u017ee va\u0161e automatizovan\u00e1 dom\u00e1cnost vypadat.<\/p>\r\n\r\n\r\n\r\n<figure class=\"wp-block-image is-resized\"><img decoding=\"async\" data-src=\"https:\/\/www.montiva.cz\/files\/files\/somfy\/1525265672_logo_somfy04.png\" alt=\"CHYTR\u00c1 DOM\u00c1CNOST | montiva s.r.o.\" style=\"width:320px\" src=\"data:image\/svg+xml;base64,PHN2ZyB3aWR0aD0iMSIgaGVpZ2h0PSIxIiB4bWxucz0iaHR0cDovL3d3dy53My5vcmcvMjAwMC9zdmciPjwvc3ZnPg==\" class=\"lazyload\" \/><\/figure>\r\n","protected":false},"excerpt":{"rendered":"<p>CHYTR\u00c1 DOM\u00c1CNOST NA DOSAH RUKY Nechte se okouzlit dom\u00e1cnost\u00ed, kterou budete snadno ovl\u00e1dat sv\u00fdm chytr\u00fdm telefonem a s\u00e9ri\u00ed p\u0159edem nastaven\u00fdch &#8222;sc\u00e9n\u00e1\u0159\u016f&#8220;.&nbsp;Zaru\u010den\u011b v\u00e1s nadchne pohodl\u00edm, bezpe\u010d\u00edm a \u00fasporami,&nbsp;kter\u00e9 s sebou nese efektivn\u00ed pr\u00e1ce s jednotliv\u00fdmi prvky va\u0161eho bydlen\u00ed.&nbsp; P\u0159edstavujeme v\u00e1m syst\u00e9m&nbsp;TaHoma\u00ae&nbsp;switch&nbsp;,kter\u00fd vyr\u00e1b\u00ed na\u0161e partnersk\u00e1 spole\u010dnost&nbsp;Somfy. Pohodl\u00ed, bezpe\u010d\u00ed a \u00faspora energi\u00ed doslova pod palcem. Jak automatizace dom\u00e1cnosti [&hellip;]<\/p>\n","protected":false},"author":1,"featured_media":0,"parent":0,"menu_order":0,"comment_status":"closed","ping_status":"open","template":"","meta":{"_acf_changed":false,"inline_featured_image":false,"footnotes":""},"class_list":["post-2","page","type-page","status-publish","hentry"],"acf":[],"yoast_head":"<!-- This site is optimized with the Yoast SEO Premium plugin v25.8 (Yoast SEO v27.2) - https:\/\/yoast.com\/product\/yoast-seo-premium-wordpress\/ -->\n<title>Chytr\u00e1 dom\u00e1cnost - SK Partnersk\u00fd web - uk\u00e1zka<\/title>\n<meta name=\"robots\" content=\"noindex, follow, max-snippet:-1, max-image-preview:large, max-video-preview:-1\" \/>\n<meta property=\"og:locale\" content=\"cs_CZ\" \/>\n<meta property=\"og:type\" content=\"article\" \/>\n<meta property=\"og:title\" content=\"Chytr\u00e1 dom\u00e1cnost\" \/>\n<meta property=\"og:description\" content=\"CHYTR\u00c1 DOM\u00c1CNOST NA DOSAH RUKY Nechte se okouzlit dom\u00e1cnost\u00ed, kterou budete snadno ovl\u00e1dat sv\u00fdm chytr\u00fdm telefonem a s\u00e9ri\u00ed p\u0159edem nastaven\u00fdch &#8222;sc\u00e9n\u00e1\u0159\u016f&#8220;.&nbsp;Zaru\u010den\u011b v\u00e1s nadchne pohodl\u00edm, bezpe\u010d\u00edm a \u00fasporami,&nbsp;kter\u00e9 s sebou nese efektivn\u00ed pr\u00e1ce s jednotliv\u00fdmi prvky va\u0161eho bydlen\u00ed.&nbsp; P\u0159edstavujeme v\u00e1m syst\u00e9m&nbsp;TaHoma\u00ae&nbsp;switch&nbsp;,kter\u00fd vyr\u00e1b\u00ed na\u0161e partnersk\u00e1 spole\u010dnost&nbsp;Somfy. Pohodl\u00ed, bezpe\u010d\u00ed a \u00faspora energi\u00ed doslova pod palcem. Jak automatizace dom\u00e1cnosti [&hellip;]\" \/>\n<meta property=\"og:url\" content=\"https:\/\/ukazka-sk.partner.climax.cz\/cs\/automatizace-domacnosti\/\" \/>\n<meta property=\"og:site_name\" content=\"SK Partnersk\u00fd web - uk\u00e1zka\" \/>\n<meta property=\"article:modified_time\" content=\"2025-03-17T10:01:19+00:00\" \/>\n<meta property=\"og:image\" content=\"https:\/\/www.montiva.cz\/files\/files\/somfy\/1525265673_somfy-logo.jpg\" \/>\n<meta name=\"twitter:card\" content=\"summary_large_image\" \/>\n<meta name=\"twitter:label1\" content=\"Odhadovan\u00e1 doba \u010dten\u00ed\" \/>\n\t<meta name=\"twitter:data1\" content=\"6 minut\" \/>\n<script type=\"application\/ld+json\" class=\"yoast-schema-graph\">{\"@context\":\"https:\/\/schema.org\",\"@graph\":[{\"@type\":\"WebPage\",\"@id\":\"https:\/\/ukazka-sk.partner.climax.cz\/cs\/automatizace-domacnosti\/\",\"url\":\"https:\/\/ukazka-sk.partner.climax.cz\/cs\/automatizace-domacnosti\/\",\"name\":\"Chytr\u00e1 dom\u00e1cnost - SK Partnersk\u00fd web - uk\u00e1zka\",\"isPartOf\":{\"@id\":\"https:\/\/ukazka-sk.partner.climax.cz\/cs\/#website\"},\"primaryImageOfPage\":{\"@id\":\"https:\/\/ukazka-sk.partner.climax.cz\/cs\/automatizace-domacnosti\/#primaryimage\"},\"image\":{\"@id\":\"https:\/\/ukazka-sk.partner.climax.cz\/cs\/automatizace-domacnosti\/#primaryimage\"},\"thumbnailUrl\":\"https:\/\/www.montiva.cz\/files\/files\/somfy\/1525265673_somfy-logo.jpg\",\"datePublished\":\"2024-09-24T16:42:17+00:00\",\"dateModified\":\"2025-03-17T10:01:19+00:00\",\"breadcrumb\":{\"@id\":\"https:\/\/ukazka-sk.partner.climax.cz\/cs\/automatizace-domacnosti\/#breadcrumb\"},\"inLanguage\":\"cs\",\"potentialAction\":[{\"@type\":\"ReadAction\",\"target\":[\"https:\/\/ukazka-sk.partner.climax.cz\/cs\/automatizace-domacnosti\/\"]}]},{\"@type\":\"ImageObject\",\"inLanguage\":\"cs\",\"@id\":\"https:\/\/ukazka-sk.partner.climax.cz\/cs\/automatizace-domacnosti\/#primaryimage\",\"url\":\"https:\/\/www.montiva.cz\/files\/files\/somfy\/1525265673_somfy-logo.jpg\",\"contentUrl\":\"https:\/\/www.montiva.cz\/files\/files\/somfy\/1525265673_somfy-logo.jpg\"},{\"@type\":\"BreadcrumbList\",\"@id\":\"https:\/\/ukazka-sk.partner.climax.cz\/cs\/automatizace-domacnosti\/#breadcrumb\",\"itemListElement\":[{\"@type\":\"ListItem\",\"position\":1,\"name\":\"Dom\u016f\",\"item\":\"https:\/\/ukazka-sk.partner.climax.cz\/cs\/\"},{\"@type\":\"ListItem\",\"position\":2,\"name\":\"Chytr\u00e1 dom\u00e1cnost\"}]},{\"@type\":\"WebSite\",\"@id\":\"https:\/\/ukazka-sk.partner.climax.cz\/cs\/#website\",\"url\":\"https:\/\/ukazka-sk.partner.climax.cz\/cs\/\",\"name\":\"SK Partnersk\u00fd web - uk\u00e1zka\",\"description\":\"\",\"potentialAction\":[{\"@type\":\"SearchAction\",\"target\":{\"@type\":\"EntryPoint\",\"urlTemplate\":\"https:\/\/ukazka-sk.partner.climax.cz\/cs\/?s={search_term_string}\"},\"query-input\":{\"@type\":\"PropertyValueSpecification\",\"valueRequired\":true,\"valueName\":\"search_term_string\"}}],\"inLanguage\":\"cs\"}]}<\/script>\n<!-- \/ Yoast SEO Premium plugin. -->","yoast_head_json":{"title":"Chytr\u00e1 dom\u00e1cnost - SK Partnersk\u00fd web - uk\u00e1zka","robots":{"index":"noindex","follow":"follow","max-snippet":"max-snippet:-1","max-image-preview":"max-image-preview:large","max-video-preview":"max-video-preview:-1"},"og_locale":"cs_CZ","og_type":"article","og_title":"Chytr\u00e1 dom\u00e1cnost","og_description":"CHYTR\u00c1 DOM\u00c1CNOST NA DOSAH RUKY Nechte se okouzlit dom\u00e1cnost\u00ed, kterou budete snadno ovl\u00e1dat sv\u00fdm chytr\u00fdm telefonem a s\u00e9ri\u00ed p\u0159edem nastaven\u00fdch &#8222;sc\u00e9n\u00e1\u0159\u016f&#8220;.&nbsp;Zaru\u010den\u011b v\u00e1s nadchne pohodl\u00edm, bezpe\u010d\u00edm a \u00fasporami,&nbsp;kter\u00e9 s sebou nese efektivn\u00ed pr\u00e1ce s jednotliv\u00fdmi prvky va\u0161eho bydlen\u00ed.&nbsp; P\u0159edstavujeme v\u00e1m syst\u00e9m&nbsp;TaHoma\u00ae&nbsp;switch&nbsp;,kter\u00fd vyr\u00e1b\u00ed na\u0161e partnersk\u00e1 spole\u010dnost&nbsp;Somfy. Pohodl\u00ed, bezpe\u010d\u00ed a \u00faspora energi\u00ed doslova pod palcem. Jak automatizace dom\u00e1cnosti [&hellip;]","og_url":"https:\/\/ukazka-sk.partner.climax.cz\/cs\/automatizace-domacnosti\/","og_site_name":"SK Partnersk\u00fd web - uk\u00e1zka","article_modified_time":"2025-03-17T10:01:19+00:00","og_image":[{"url":"https:\/\/www.montiva.cz\/files\/files\/somfy\/1525265673_somfy-logo.jpg","type":"","width":"","height":""}],"twitter_card":"summary_large_image","twitter_misc":{"Odhadovan\u00e1 doba \u010dten\u00ed":"6 minut"},"schema":{"@context":"https:\/\/schema.org","@graph":[{"@type":"WebPage","@id":"https:\/\/ukazka-sk.partner.climax.cz\/cs\/automatizace-domacnosti\/","url":"https:\/\/ukazka-sk.partner.climax.cz\/cs\/automatizace-domacnosti\/","name":"Chytr\u00e1 dom\u00e1cnost - SK Partnersk\u00fd web - uk\u00e1zka","isPartOf":{"@id":"https:\/\/ukazka-sk.partner.climax.cz\/cs\/#website"},"primaryImageOfPage":{"@id":"https:\/\/ukazka-sk.partner.climax.cz\/cs\/automatizace-domacnosti\/#primaryimage"},"image":{"@id":"https:\/\/ukazka-sk.partner.climax.cz\/cs\/automatizace-domacnosti\/#primaryimage"},"thumbnailUrl":"https:\/\/www.montiva.cz\/files\/files\/somfy\/1525265673_somfy-logo.jpg","datePublished":"2024-09-24T16:42:17+00:00","dateModified":"2025-03-17T10:01:19+00:00","breadcrumb":{"@id":"https:\/\/ukazka-sk.partner.climax.cz\/cs\/automatizace-domacnosti\/#breadcrumb"},"inLanguage":"cs","potentialAction":[{"@type":"ReadAction","target":["https:\/\/ukazka-sk.partner.climax.cz\/cs\/automatizace-domacnosti\/"]}]},{"@type":"ImageObject","inLanguage":"cs","@id":"https:\/\/ukazka-sk.partner.climax.cz\/cs\/automatizace-domacnosti\/#primaryimage","url":"https:\/\/www.montiva.cz\/files\/files\/somfy\/1525265673_somfy-logo.jpg","contentUrl":"https:\/\/www.montiva.cz\/files\/files\/somfy\/1525265673_somfy-logo.jpg"},{"@type":"BreadcrumbList","@id":"https:\/\/ukazka-sk.partner.climax.cz\/cs\/automatizace-domacnosti\/#breadcrumb","itemListElement":[{"@type":"ListItem","position":1,"name":"Dom\u016f","item":"https:\/\/ukazka-sk.partner.climax.cz\/cs\/"},{"@type":"ListItem","position":2,"name":"Chytr\u00e1 dom\u00e1cnost"}]},{"@type":"WebSite","@id":"https:\/\/ukazka-sk.partner.climax.cz\/cs\/#website","url":"https:\/\/ukazka-sk.partner.climax.cz\/cs\/","name":"SK Partnersk\u00fd web - uk\u00e1zka","description":"","potentialAction":[{"@type":"SearchAction","target":{"@type":"EntryPoint","urlTemplate":"https:\/\/ukazka-sk.partner.climax.cz\/cs\/?s={search_term_string}"},"query-input":{"@type":"PropertyValueSpecification","valueRequired":true,"valueName":"search_term_string"}}],"inLanguage":"cs"}]}},"_links":{"self":[{"href":"https:\/\/ukazka-sk.partner.climax.cz\/cs\/wp-json\/wp\/v2\/pages\/2","targetHints":{"allow":["GET"]}}],"collection":[{"href":"https:\/\/ukazka-sk.partner.climax.cz\/cs\/wp-json\/wp\/v2\/pages"}],"about":[{"href":"https:\/\/ukazka-sk.partner.climax.cz\/cs\/wp-json\/wp\/v2\/types\/page"}],"author":[{"embeddable":true,"href":"https:\/\/ukazka-sk.partner.climax.cz\/cs\/wp-json\/wp\/v2\/users\/1"}],"replies":[{"embeddable":true,"href":"https:\/\/ukazka-sk.partner.climax.cz\/cs\/wp-json\/wp\/v2\/comments?post=2"}],"version-history":[{"count":3,"href":"https:\/\/ukazka-sk.partner.climax.cz\/cs\/wp-json\/wp\/v2\/pages\/2\/revisions"}],"predecessor-version":[{"id":8149,"href":"https:\/\/ukazka-sk.partner.climax.cz\/cs\/wp-json\/wp\/v2\/pages\/2\/revisions\/8149"}],"wp:attachment":[{"href":"https:\/\/ukazka-sk.partner.climax.cz\/cs\/wp-json\/wp\/v2\/media?parent=2"}],"curies":[{"name":"wp","href":"https:\/\/api.w.org\/{rel}","templated":true}]}}