{"id":14592,"date":"2025-06-06T10:40:10","date_gmt":"2025-06-06T08:40:10","guid":{"rendered":"https:\/\/ukazka-sk.partner.climax.cz\/?page_id=14592"},"modified":"2025-06-06T14:46:25","modified_gmt":"2025-06-06T12:46:25","slug":"obnov-dom","status":"publish","type":"page","link":"https:\/\/ukazka-sk.partner.climax.cz\/cs\/obnov-dom\/","title":{"rendered":"Obnov dom"},"content":{"rendered":"\n<\/div><\/div>\n\n<div class=\"content-section \">\n\t<div class=\"container container--lg\">\n\n\n\t\t<div class=\"row\">\n\t\t\t<div class=\"col-md-5 content-section__content\">\n\t\t\t\t<h2 class=\"text-start\">Podmienky<\/h2>\n\t\t\t\t\n<ul class=\"wp-block-list\">\n<li>Dom mus\u00ed by\u0165 skolaudovan\u00fd pred 1. 1. 2013.<\/li>\n\n\n\n<li>Obnova mus\u00ed prinies\u0165 minim\u00e1lne 30% \u00fasporu prim\u00e1rnej energie.<\/li>\n\n\n\n<li>S\u00fa\u010das\u0165ou projektu mus\u00ed by\u0165 aspo\u0148 jedno z povinn\u00fdch opatren\u00ed. Po splnen\u00ed t\u00fdchto podmienok je mo\u017en\u00e9 realizova\u0165 aj opatrenia volite\u013en\u00e9, kam patr\u00ed aj in\u0161tal\u00e1cia tieniacej techniky.<\/li>\n<\/ul>\n\t\t\t<\/div>\n\t\t\t<div class=\"col-md-7\">\n\t\t\t\t\t\t\t\t<img\n\t\t\t\t\tclass=\"img-responsive lazyload\"\n\t\t\t\t\tdata-src=\"https:\/\/ukazka-sk.partner.climax.cz\/wp-content\/uploads\/sites\/16\/2025\/06\/Cover-foto-denik.cz-2.jpg\"\n\t\t\t\t\talt=\"\"\n\t\t\t\t src=\"data:image\/svg+xml;base64,PHN2ZyB3aWR0aD0iMSIgaGVpZ2h0PSIxIiB4bWxucz0iaHR0cDovL3d3dy53My5vcmcvMjAwMC9zdmciPjwvc3ZnPg==\" style=\"--smush-placeholder-width: 900px; --smush-placeholder-aspect-ratio: 900\/600;\" \/>\n\t\t\t\t\t\t\t<\/div>\n\t\t<\/div>\n\t<\/div>\n<\/div>\n\n\n<div\n\tstyle=\"background-image:inherit\"\n\tclass=\"text-block-bg lazyload\" data-bg-image=\"url(&#039;https:\/\/ukazka-sk.partner.climax.cz\/wp-content\/uploads\/sites\/16\/2025\/06\/PROMO-CLIMAX-2016-26-m.jpg&#039;)\">\n\t<div class=\"container container--lg\">\n\n\t\t<h2>Vyberte si svoje tienenie s dot\u00e1ciou<\/h2>\n\t\t\n<div class=\"wp-block-columns is-layout-flex wp-container-core-columns-is-layout-9d6595d7 wp-block-columns-is-layout-flex\">\n<div class=\"wp-block-column is-layout-flow wp-block-column-is-layout-flow\" style=\"flex-basis:100%\">\n<div class=\"wp-block-group\"><div class=\"wp-block-group__inner-container is-layout-constrained wp-block-group-is-layout-constrained\">\n<div class=\"wp-block-buttons is-layout-flex wp-block-buttons-is-layout-flex\">\n<div class=\"wp-block-button\"><a class=\"wp-block-button__link wp-element-button\" href=\"\/typ-produktu\/vonkajsie-tienenie\/vonkajsie-zaluzie\/\">Vonkaj\u0161ie \u017eal\u00fazie<\/a><\/div>\n\n\n\n<div class=\"wp-block-button\"><a class=\"wp-block-button__link wp-element-button\" href=\"\/typ-produktu\/vonkajsie-tienenie\/vonkajsie-rolety\/\">Vonkaj\u0161ie rolety<\/a><\/div>\n\n\n\n<div class=\"wp-block-button\"><a class=\"wp-block-button__link wp-element-button\" href=\"\/typ-produktu\/vonkajsie-tienenie\/screenove-rolety\/\">Screenov\u00e9 rolety<\/a><\/div>\n<\/div>\n<\/div><\/div>\n<\/div>\n<\/div>\n\t<\/div>\n\n<\/div>\n\n\n\n<div class=\"content-section content-section--2\">\n\t<div class=\"container container--lg\">\n\n\n\t\t<div class=\"row\">\n\t\t\t<div class=\"col-md-5 content-section__content\">\n\t\t\t\t<h2 class=\"text-start\">V\u00fd\u0161ka dot\u00e1cie na tieniacu techniku<\/h2>\n\t\t\t\t\n<ul class=\"wp-block-list\">\n<li>57,50 \u20ac\/m\u00b2 na in\u0161tal\u00e1ciu pohybliv\u00fdch prvkov umo\u017e\u0148uj\u00facich regul\u00e1ciu zatienenia.<\/li>\n<\/ul>\n\n<p>V\u00fd\u0161ka dot\u00e1cie sa vz\u0165ahuje na techniku, ktor\u00e1 zni\u017euje tepeln\u00fa z\u00e1\u0165a\u017e budovy a prispieva k zn\u00ed\u017eeniu energetickej spotreby.<\/p>\n\t\t\t<\/div>\n\t\t\t<div class=\"col-md-7\">\n\t\t\t\t\t\t\t\t<img\n\t\t\t\t\tclass=\"img-responsive lazyload\"\n\t\t\t\t\tdata-src=\"https:\/\/ukazka-sk.partner.climax.cz\/wp-content\/uploads\/sites\/16\/2025\/06\/Moderne-technologie-od-CLIMAXu-vam-zarucia-pohodlie-bez-nedmerneho-tepla.jpg\"\n\t\t\t\t\talt=\"\"\n\t\t\t\t src=\"data:image\/svg+xml;base64,PHN2ZyB3aWR0aD0iMSIgaGVpZ2h0PSIxIiB4bWxucz0iaHR0cDovL3d3dy53My5vcmcvMjAwMC9zdmciPjwvc3ZnPg==\" style=\"--smush-placeholder-width: 1200px; --smush-placeholder-aspect-ratio: 1200\/800;\" \/>\n\t\t\t\t\t\t\t<\/div>\n\t\t<\/div>\n\t<\/div>\n<\/div>\n\n\n<div class=\"content-section \">\n\t<div class=\"container container--lg\">\n\n\n\t\t<div class=\"row\">\n\t\t\t<div class=\"col-md-5 content-section__content\">\n\t\t\t\t<h2 class=\"text-start\">Postup<\/h2>\n\t\t\t\t\n<ul class=\"wp-block-list\">\n<li>Pripravte si dokumenty: energetick\u00fd certifik\u00e1t, projektov\u00fa dokument\u00e1ciu at\u010f.<\/li>\n\n\n\n<li>Podanie \u017eiadosti prebieha online cez ofici\u00e1lny formul\u00e1r programu Obnov dom.<\/li>\n\n\n\n<li>Po schv\u00e1len\u00ed projektu m\u00f4\u017eete za\u010da\u0165 realizova\u0165 opatrenia, na ktor\u00e9 bude dot\u00e1cia uplatnen\u00e1.<\/li>\n\n\n\n<li>Po dokon\u010den\u00ed pr\u00e1c predlo\u017e\u00edte vy\u00fa\u010dtovanie a obdr\u017e\u00edte schv\u00e1len\u00fa \u010diastku sp\u00e4\u0165.<\/li>\n<\/ul>\n\t\t\t<\/div>\n\t\t\t<div class=\"col-md-7\">\n\t\t\t\t\t\t\t\t<img\n\t\t\t\t\tclass=\"img-responsive lazyload\"\n\t\t\t\t\tdata-src=\"https:\/\/ukazka-sk.partner.climax.cz\/wp-content\/uploads\/sites\/16\/2025\/06\/Z-90-NOVAL-2021-11-CLIMAX-climax8465-m.jpg\"\n\t\t\t\t\talt=\"\"\n\t\t\t\t src=\"data:image\/svg+xml;base64,PHN2ZyB3aWR0aD0iMSIgaGVpZ2h0PSIxIiB4bWxucz0iaHR0cDovL3d3dy53My5vcmcvMjAwMC9zdmciPjwvc3ZnPg==\" style=\"--smush-placeholder-width: 1200px; --smush-placeholder-aspect-ratio: 1200\/800;\" \/>\n\t\t\t\t\t\t\t<\/div>\n\t\t<\/div>\n\t<\/div>\n<\/div>\n\n\n<div\n\tstyle=\"background-image:inherit\"\n\tclass=\"text-block-bg lazyload\" data-bg-image=\"url(&#039;https:\/\/ukazka-sk.partner.climax.cz\/wp-content\/uploads\/sites\/16\/2025\/06\/PROMO-CLIMAX-2016-41-m.jpg&#039;)\">\n\t<div class=\"container container--lg\">\n\n\t\t<h2>M\u00e1te ot\u00e1zky k dot\u00e1ci\u00e1m?<\/h2>\n\t\t\n<div class=\"wp-block-buttons is-layout-flex wp-block-buttons-is-layout-flex\">\n<div class=\"wp-block-button\"><a class=\"wp-block-button__link wp-element-button\" href=\"https:\/\/obnovdom.sk\/\">Nechajte si poradi\u0165<\/a><\/div>\n<\/div>\n\t<\/div>\n\n<\/div>\n\n<div>\n\t<div class=\"container\">\n","protected":false},"excerpt":{"rendered":"","protected":false},"author":5,"featured_media":14593,"parent":0,"menu_order":0,"comment_status":"closed","ping_status":"closed","template":"","meta":{"_acf_changed":false,"inline_featured_image":false,"footnotes":""},"class_list":["post-14592","page","type-page","status-publish","has-post-thumbnail","hentry"],"acf":[],"yoast_head":"<!-- This site is optimized with the Yoast SEO Premium plugin v25.8 (Yoast SEO v27.2) - https:\/\/yoast.com\/product\/yoast-seo-premium-wordpress\/ -->\n<title>Obnov dom - SK Partnersk\u00fd web - uk\u00e1zka<\/title>\n<meta name=\"robots\" content=\"noindex, follow, max-snippet:-1, max-image-preview:large, max-video-preview:-1\" \/>\n<meta property=\"og:locale\" content=\"cs_CZ\" \/>\n<meta property=\"og:type\" content=\"article\" \/>\n<meta property=\"og:title\" content=\"Obnov dom\" \/>\n<meta property=\"og:url\" content=\"https:\/\/ukazka-sk.partner.climax.cz\/cs\/obnov-dom\/\" \/>\n<meta property=\"og:site_name\" content=\"SK Partnersk\u00fd web - uk\u00e1zka\" \/>\n<meta property=\"article:modified_time\" content=\"2025-06-06T12:46:25+00:00\" \/>\n<meta property=\"og:image\" content=\"https:\/\/ukazka-sk.partner.climax.cz\/wp-content\/uploads\/sites\/16\/2025\/06\/https___intranet.climax.cz_files_files_vlakna_1680182204_obnov-dom-climax.jpg\" \/>\n\t<meta property=\"og:image:width\" content=\"2196\" \/>\n\t<meta property=\"og:image:height\" content=\"1140\" \/>\n\t<meta property=\"og:image:type\" content=\"image\/jpeg\" \/>\n<meta name=\"twitter:card\" content=\"summary_large_image\" \/>\n<meta name=\"twitter:label1\" content=\"Odhadovan\u00e1 doba \u010dten\u00ed\" \/>\n\t<meta name=\"twitter:data1\" content=\"2 minuty\" \/>\n<script type=\"application\/ld+json\" class=\"yoast-schema-graph\">{\"@context\":\"https:\/\/schema.org\",\"@graph\":[{\"@type\":\"WebPage\",\"@id\":\"https:\/\/ukazka-sk.partner.climax.cz\/cs\/obnov-dom\/\",\"url\":\"https:\/\/ukazka-sk.partner.climax.cz\/cs\/obnov-dom\/\",\"name\":\"Obnov dom - SK Partnersk\u00fd web - uk\u00e1zka\",\"isPartOf\":{\"@id\":\"https:\/\/ukazka-sk.partner.climax.cz\/cs\/#website\"},\"primaryImageOfPage\":{\"@id\":\"https:\/\/ukazka-sk.partner.climax.cz\/cs\/obnov-dom\/#primaryimage\"},\"image\":{\"@id\":\"https:\/\/ukazka-sk.partner.climax.cz\/cs\/obnov-dom\/#primaryimage\"},\"thumbnailUrl\":\"https:\/\/ukazka-sk.partner.climax.cz\/wp-content\/uploads\/sites\/16\/2025\/06\/https___intranet.climax.cz_files_files_vlakna_1680182204_obnov-dom-climax.jpg\",\"datePublished\":\"2025-06-06T08:40:10+00:00\",\"dateModified\":\"2025-06-06T12:46:25+00:00\",\"breadcrumb\":{\"@id\":\"https:\/\/ukazka-sk.partner.climax.cz\/cs\/obnov-dom\/#breadcrumb\"},\"inLanguage\":\"cs\",\"potentialAction\":[{\"@type\":\"ReadAction\",\"target\":[\"https:\/\/ukazka-sk.partner.climax.cz\/cs\/obnov-dom\/\"]}]},{\"@type\":\"ImageObject\",\"inLanguage\":\"cs\",\"@id\":\"https:\/\/ukazka-sk.partner.climax.cz\/cs\/obnov-dom\/#primaryimage\",\"url\":\"https:\/\/ukazka-sk.partner.climax.cz\/wp-content\/uploads\/sites\/16\/2025\/06\/https___intranet.climax.cz_files_files_vlakna_1680182204_obnov-dom-climax.jpg\",\"contentUrl\":\"https:\/\/ukazka-sk.partner.climax.cz\/wp-content\/uploads\/sites\/16\/2025\/06\/https___intranet.climax.cz_files_files_vlakna_1680182204_obnov-dom-climax.jpg\",\"width\":2196,\"height\":1140},{\"@type\":\"BreadcrumbList\",\"@id\":\"https:\/\/ukazka-sk.partner.climax.cz\/cs\/obnov-dom\/#breadcrumb\",\"itemListElement\":[{\"@type\":\"ListItem\",\"position\":1,\"name\":\"Dom\u016f\",\"item\":\"https:\/\/ukazka-sk.partner.climax.cz\/cs\/\"},{\"@type\":\"ListItem\",\"position\":2,\"name\":\"Obnov dom\"}]},{\"@type\":\"WebSite\",\"@id\":\"https:\/\/ukazka-sk.partner.climax.cz\/cs\/#website\",\"url\":\"https:\/\/ukazka-sk.partner.climax.cz\/cs\/\",\"name\":\"SK Partnersk\u00fd web - uk\u00e1zka\",\"description\":\"\",\"potentialAction\":[{\"@type\":\"SearchAction\",\"target\":{\"@type\":\"EntryPoint\",\"urlTemplate\":\"https:\/\/ukazka-sk.partner.climax.cz\/cs\/?s={search_term_string}\"},\"query-input\":{\"@type\":\"PropertyValueSpecification\",\"valueRequired\":true,\"valueName\":\"search_term_string\"}}],\"inLanguage\":\"cs\"}]}<\/script>\n<!-- \/ Yoast SEO Premium plugin. -->","yoast_head_json":{"title":"Obnov dom - SK Partnersk\u00fd web - uk\u00e1zka","robots":{"index":"noindex","follow":"follow","max-snippet":"max-snippet:-1","max-image-preview":"max-image-preview:large","max-video-preview":"max-video-preview:-1"},"og_locale":"cs_CZ","og_type":"article","og_title":"Obnov dom","og_url":"https:\/\/ukazka-sk.partner.climax.cz\/cs\/obnov-dom\/","og_site_name":"SK Partnersk\u00fd web - uk\u00e1zka","article_modified_time":"2025-06-06T12:46:25+00:00","og_image":[{"width":2196,"height":1140,"url":"https:\/\/ukazka-sk.partner.climax.cz\/wp-content\/uploads\/sites\/16\/2025\/06\/https___intranet.climax.cz_files_files_vlakna_1680182204_obnov-dom-climax.jpg","type":"image\/jpeg"}],"twitter_card":"summary_large_image","twitter_misc":{"Odhadovan\u00e1 doba \u010dten\u00ed":"2 minuty"},"schema":{"@context":"https:\/\/schema.org","@graph":[{"@type":"WebPage","@id":"https:\/\/ukazka-sk.partner.climax.cz\/cs\/obnov-dom\/","url":"https:\/\/ukazka-sk.partner.climax.cz\/cs\/obnov-dom\/","name":"Obnov dom - SK Partnersk\u00fd web - uk\u00e1zka","isPartOf":{"@id":"https:\/\/ukazka-sk.partner.climax.cz\/cs\/#website"},"primaryImageOfPage":{"@id":"https:\/\/ukazka-sk.partner.climax.cz\/cs\/obnov-dom\/#primaryimage"},"image":{"@id":"https:\/\/ukazka-sk.partner.climax.cz\/cs\/obnov-dom\/#primaryimage"},"thumbnailUrl":"https:\/\/ukazka-sk.partner.climax.cz\/wp-content\/uploads\/sites\/16\/2025\/06\/https___intranet.climax.cz_files_files_vlakna_1680182204_obnov-dom-climax.jpg","datePublished":"2025-06-06T08:40:10+00:00","dateModified":"2025-06-06T12:46:25+00:00","breadcrumb":{"@id":"https:\/\/ukazka-sk.partner.climax.cz\/cs\/obnov-dom\/#breadcrumb"},"inLanguage":"cs","potentialAction":[{"@type":"ReadAction","target":["https:\/\/ukazka-sk.partner.climax.cz\/cs\/obnov-dom\/"]}]},{"@type":"ImageObject","inLanguage":"cs","@id":"https:\/\/ukazka-sk.partner.climax.cz\/cs\/obnov-dom\/#primaryimage","url":"https:\/\/ukazka-sk.partner.climax.cz\/wp-content\/uploads\/sites\/16\/2025\/06\/https___intranet.climax.cz_files_files_vlakna_1680182204_obnov-dom-climax.jpg","contentUrl":"https:\/\/ukazka-sk.partner.climax.cz\/wp-content\/uploads\/sites\/16\/2025\/06\/https___intranet.climax.cz_files_files_vlakna_1680182204_obnov-dom-climax.jpg","width":2196,"height":1140},{"@type":"BreadcrumbList","@id":"https:\/\/ukazka-sk.partner.climax.cz\/cs\/obnov-dom\/#breadcrumb","itemListElement":[{"@type":"ListItem","position":1,"name":"Dom\u016f","item":"https:\/\/ukazka-sk.partner.climax.cz\/cs\/"},{"@type":"ListItem","position":2,"name":"Obnov dom"}]},{"@type":"WebSite","@id":"https:\/\/ukazka-sk.partner.climax.cz\/cs\/#website","url":"https:\/\/ukazka-sk.partner.climax.cz\/cs\/","name":"SK Partnersk\u00fd web - uk\u00e1zka","description":"","potentialAction":[{"@type":"SearchAction","target":{"@type":"EntryPoint","urlTemplate":"https:\/\/ukazka-sk.partner.climax.cz\/cs\/?s={search_term_string}"},"query-input":{"@type":"PropertyValueSpecification","valueRequired":true,"valueName":"search_term_string"}}],"inLanguage":"cs"}]}},"_links":{"self":[{"href":"https:\/\/ukazka-sk.partner.climax.cz\/cs\/wp-json\/wp\/v2\/pages\/14592","targetHints":{"allow":["GET"]}}],"collection":[{"href":"https:\/\/ukazka-sk.partner.climax.cz\/cs\/wp-json\/wp\/v2\/pages"}],"about":[{"href":"https:\/\/ukazka-sk.partner.climax.cz\/cs\/wp-json\/wp\/v2\/types\/page"}],"author":[{"embeddable":true,"href":"https:\/\/ukazka-sk.partner.climax.cz\/cs\/wp-json\/wp\/v2\/users\/5"}],"replies":[{"embeddable":true,"href":"https:\/\/ukazka-sk.partner.climax.cz\/cs\/wp-json\/wp\/v2\/comments?post=14592"}],"version-history":[{"count":1,"href":"https:\/\/ukazka-sk.partner.climax.cz\/cs\/wp-json\/wp\/v2\/pages\/14592\/revisions"}],"predecessor-version":[{"id":14599,"href":"https:\/\/ukazka-sk.partner.climax.cz\/cs\/wp-json\/wp\/v2\/pages\/14592\/revisions\/14599"}],"wp:featuredmedia":[{"embeddable":true,"href":"https:\/\/ukazka-sk.partner.climax.cz\/cs\/wp-json\/wp\/v2\/media\/14593"}],"wp:attachment":[{"href":"https:\/\/ukazka-sk.partner.climax.cz\/cs\/wp-json\/wp\/v2\/media?parent=14592"}],"curies":[{"name":"wp","href":"https:\/\/api.w.org\/{rel}","templated":true}]}}